{"id":23,"date":"2022-07-01T19:59:29","date_gmt":"2022-07-01T17:59:29","guid":{"rendered":"http:\/\/tissuetales.net\/?page_id=23"},"modified":"2025-07-24T10:26:53","modified_gmt":"2025-07-24T08:26:53","slug":"koffer-in-tunis","status":"publish","type":"page","link":"http:\/\/tissuetales.net\/fr\/koffer-in-tunis\/","title":{"rendered":"Valise \u00e0 Tunis"},"content":{"rendered":"<p>&nbsp;<\/p>\n<section class=\"vc_section landing vc_custom_1656709784645 vc_section-has-fill vc_row-o-full-height\"><div class=\"vc_row wpb_row vc_row-fluid vc_custom_1656708956247 vc_row-has-fill\"><div class=\"wpb_column vc_column_container vc_col-sm-12\"><div class=\"vc_column-inner\"><div class=\"wpb_wrapper\"><div class=\"vc_empty_space\"   style=\"height: 10px\"><span class=\"vc_empty_space_inner\"><\/span><\/div>\n\t<div class=\"wpb_text_column wpb_content_element  vc_custom_1752160608491\" >\n\t\t<div class=\"wpb_wrapper\">\n\t\t\t<h2 style=\"text-align: center;\"><b>Pop-up &amp; Reisebericht <\/b><\/h2>\n<h2 style=\"text-align: center;\"><b>&#8222;Tunis -Hauptstadt im Wandel&#8220;<\/b><\/h2>\n<p><img loading=\"lazy\" decoding=\"async\" class=\"wp-image-3165 size-full aligncenter\" src=\"https:\/\/tissuetales.net\/wp-content\/uploads\/2025\/07\/Susanne_orientalisch.jpg\" alt=\"Eine Frau sitzt entspannt auf einer kunstvoll gestalteten, gepolsterten Bank in einer orientalisch dekorierten Nische mit floralen Mustern, geschnitztem Holz und gr\u00fcnen Arkaden im Hintergrund.\" width=\"640\" height=\"480\" srcset=\"https:\/\/tissuetales.net\/wp-content\/uploads\/2025\/07\/Susanne_orientalisch.jpg 640w, https:\/\/tissuetales.net\/wp-content\/uploads\/2025\/07\/Susanne_orientalisch-300x225.jpg 300w\" sizes=\"auto, (max-width: 640px) 100vw, 640px\" \/><\/p>\n<h3 style=\"text-align: center;\">Travel Tales und Diallo tissue tales laden ein zu einem Nachmittag mit Reise- und Stoffgeschichten vom afrikanischen Kontinent: Erlebe eine kreative Fusion aus handgewebten tunesischen Stolen\/Schals und Designkreationen, die westafrikanische Stoffe zum Leben erwecken.<\/h3>\n<h3 style=\"text-align: center;\">Getoppt werden die Kollektionen mit einer exklusiven Auswahl eleganter Babouches, handgefertigt aus Tunis.<\/h3>\n<p>&nbsp;<\/p>\n<h3 style=\"text-align: center;\"><strong>Wann? 09. August 2025 | 14 \u2013 18 Uhr<\/strong><br \/>\n<strong>Wo? Florastra\u00dfe 80, 13187 Berlin*<\/strong><\/h3>\n<p>&nbsp;<\/p>\n<p>&nbsp;<\/p>\n<h3 style=\"text-align: center;\"><strong>Reisebericht &amp; Dein Geschenk made in Tunis<\/strong><\/h3>\n<h3 style=\"text-align: center;\">Ab 15:00 Uhr unterh\u00e4lt uns die Orient- und Reiseexpertin Susanne Stukenberg mit wundersch\u00f6nen Eindr\u00fccken aus Tunis, der Sahara und von der Insel Djerba. Als Earlybird f\u00fcr Susannes <strong>Tunisreise<\/strong> Ende November, vom <strong>30.11.-04.12<\/strong>. bekommst du ein Paar Babouches als Geschenk bei Anmeldung bis <strong>31.08.2025 <\/strong>f\u00fcr die <a href=\"https:\/\/susannestukenberg.de\/tunis-hauptstadt-am-meer\/\">Reise.<\/a><\/h3>\n<h3 style=\"text-align: center;\"><img loading=\"lazy\" decoding=\"async\" class=\"aligncenter wp-image-3170 size-full\" src=\"https:\/\/tissuetales.net\/wp-content\/uploads\/2025\/07\/Barbuches-roses.jpg\" alt=\"\" width=\"480\" height=\"640\" srcset=\"https:\/\/tissuetales.net\/wp-content\/uploads\/2025\/07\/Barbuches-roses.jpg 480w, https:\/\/tissuetales.net\/wp-content\/uploads\/2025\/07\/Barbuches-roses-225x300.jpg 225w\" sizes=\"auto, (max-width: 480px) 100vw, 480px\" \/><\/h3>\n<h3 style=\"text-align: center;\">Sichere Dir ein exklusives Paar: Die tunesischen Babouches gibt es derzeit nur bei Diallo tissue tales. Einige Paare kannst Du schon vor dem 09. August im Showroom kaufen! Die gro\u00dfe Kollektion mit allen Gr\u00f6\u00dfen und Farben gibt es w\u00e4hrend der Reise, vor Ort in Tunis. Die Babouches stammen urspr\u00fcnglich aus dem nordafrikanischen Raum. In einer Zeit, in der viele auf bewussten Konsum achten, werden diese \u00e4sthetischen Schuhe besonders wegen ihrer ethischen Herkunft gesch\u00e4tzt.<\/h3>\n<p>&nbsp;<\/p>\n<h3><\/h3>\n<h3 style=\"text-align: center;\"><strong>Talkrunde: Mode, Reisen und Identit\u00e4t<\/strong><\/h3>\n<h3 style=\"text-align: center;\">Begeisterung f\u00fcr die Kulturen des globalen S\u00fcdens ist das eine, doch wie k\u00f6nnen wir diesen Reichtum hier zu fairen Bedingungen anbieten? Wir laden Dich ein zum Austausch \u00fcber faire Slow Fashion aus Afrika, nachhaltigen Tourismus und wirtschaftliche F\u00f6rderung von Frauenprojekten mit Designer:innen, Unternehmer:innen &amp; Modebegeisterten.<\/h3>\n<p>&nbsp;<\/p>\n<h3 style=\"text-align: center;\"><strong>Entdecke Fusion-Shirts und Sommerfrische-Taschen<\/strong><\/h3>\n<h3 style=\"text-align: center;\">St\u00f6bere bei Musik, entspannten Gespr\u00e4chen, Snacks &amp; Drinks aus Nord- und Westafrika die neuen Teile der KoKo Glam-Kollektion: Leichte Sommershirts aus mystischem Kokodunda mit einem Hauch schillerndem Lam\u00e9, Glitzerstoff oder transparentem Voile. Ein \u00fcberraschender Kontrast!<\/h3>\n<h3 style=\"text-align: center;\"><img loading=\"lazy\" decoding=\"async\" class=\"aligncenter wp-image-3174 size-full\" src=\"https:\/\/tissuetales.net\/wp-content\/uploads\/2025\/07\/Pink_petrol.jpg\" alt=\"\" width=\"563\" height=\"1000\" srcset=\"https:\/\/tissuetales.net\/wp-content\/uploads\/2025\/07\/Pink_petrol.jpg 563w, https:\/\/tissuetales.net\/wp-content\/uploads\/2025\/07\/Pink_petrol-169x300.jpg 169w\" sizes=\"auto, (max-width: 563px) 100vw, 563px\" \/><\/h3>\n<h3><\/h3>\n<h3 style=\"text-align: center;\">Du suchst noch einen sommerlichen Begleiter: Dann ist das frische Streifendesign der neuen Taschen des Schweizer Labels kokoso ein Must. Die Taschen sind ger\u00e4umig, aus robustem Faso dan Fani von den Frauen des Vereins Vie Meilleure in Burkina Faso gewebt und vom Zoumana fachm\u00e4nnisch produziert. Dein Farb-Statement f\u00fcr Strand, City oder Job wartet auf Dich!<\/h3>\n<p>&nbsp;<\/p>\n<h3 style=\"text-align: center;\">Wir freuen uns auf einen inspirierenden Nachmittag und neue Mode-\/ und Kulturgeschichten mit Dir!<\/h3>\n<h3 style=\"text-align: center;\"><\/h3>\n<h3 style=\"text-align: center;\"><strong>Tanja &amp; Susanne<\/strong><\/h3>\n<p>&nbsp;<\/p>\n<h3 style=\"text-align: center;\"><strong>Jetzt anmelden &amp; dabei sein,<\/strong><\/h3>\n<h3 style=\"text-align: center;\"><strong>Eintrittspreis: 10 Euro. Sichere Dir Deinen Platz f\u00fcr dieses einmalige Event!<\/strong><\/h3>\n<h4><\/h4>\n<h4>*Haltestellen S+U Pankow oder S-Wollankstra\u00dfe, Achtung: Wegen Bauarbeiten entf\u00e4llt der Halt Wollankstra\u00dfe bei der Linie S1 in Richtung Frohnau\/Oranienburg.<\/h4>\n<h4><\/h4>\n\n\t\t<\/div>\n\t<\/div>\n<\/div><\/div><\/div><\/div><div class=\"vc_row wpb_row vc_row-fluid vc_custom_1656709914672 vc_row-has-fill\"><div class=\"wpb_column vc_column_container vc_col-sm-12\"><div class=\"vc_column-inner\"><div class=\"wpb_wrapper\"><div class=\"vc_empty_space\"   style=\"height: 40px\"><span class=\"vc_empty_space_inner\"><\/span><\/div><\/div><\/div><\/div><\/div><\/section><div class=\"vc_row wpb_row vc_row-fluid\"><div class=\"wpb_column vc_column_container vc_col-sm-4\"><div class=\"vc_column-inner\"><div class=\"wpb_wrapper\"><\/div><\/div><\/div><div class=\"wpb_column vc_column_container vc_col-sm-4\"><div class=\"vc_column-inner\"><div class=\"wpb_wrapper\"><div class=\"wpforms-container wpforms-container-full\" id=\"wpforms-3183\"><form id=\"wpforms-form-3183\" class=\"wpforms-validate wpforms-form wpforms-ajax-form\" data-formid=\"3183\" method=\"post\" enctype=\"multipart\/form-data\" action=\"\/fr\/wp-json\/wp\/v2\/pages\/23\" data-token=\"406cd4368cdbbf3fdd0582cb816fa7c3\" data-token-time=\"1776796126\"><div class=\"wpforms-head-container\"><div class=\"wpforms-title\">Une Valise \u00e0 Tunis, 09.08.2025<\/div><\/div><noscript class=\"wpforms-error-noscript\">Veuillez activer JavaScript dans votre navigateur pour remplir ce formulaire.<\/noscript><div class=\"wpforms-field-container\">\t\t<div id=\"wpforms-3183-field_2-container\"\n\t\t\tclass=\"wpforms-field wpforms-field-text\"\n\t\t\tdata-field-type=\"text\"\n\t\t\tdata-field-id=\"2\"\n\t\t\t>\n\t\t\t<label class=\"wpforms-field-label\" for=\"wpforms-3183-field_2\" >Kommst Personen wie<\/label>\n\t\t\t<input type=\"text\" id=\"wpforms-3183-field_2\" class=\"wpforms-field-medium\" name=\"wpforms[fields][2]\" >\n\t\t<\/div>\n\t\t<div id=\"wpforms-3183-field_1-container\" class=\"wpforms-field wpforms-field-name\" data-field-id=\"1\"><label class=\"wpforms-field-label\">Name <span class=\"wpforms-required-label\">*<\/span><\/label><div class=\"wpforms-field-row wpforms-field-medium\"><div class=\"wpforms-field-row-block wpforms-first wpforms-one-half\"><input type=\"text\" id=\"wpforms-3183-field_1\" class=\"wpforms-field-name-first wpforms-field-required\" name=\"wpforms[fields][1][first]\" required><label for=\"wpforms-3183-field_1\" class=\"wpforms-field-sublabel after\">Pr\u00e9nom<\/label><\/div><div class=\"wpforms-field-row-block wpforms-one-half\"><input type=\"text\" id=\"wpforms-3183-field_1-last\" class=\"wpforms-field-name-last wpforms-field-required\" name=\"wpforms[fields][1][last]\" required><label for=\"wpforms-3183-field_1-last\" class=\"wpforms-field-sublabel after\">Nom<\/label><\/div><\/div><\/div><div id=\"wpforms-3183-field_8-container\" class=\"wpforms-field wpforms-field-email\" data-field-id=\"8\"><label class=\"wpforms-field-label\" for=\"wpforms-3183-field_8\">Email <span class=\"wpforms-required-label\">*<\/span><\/label><input type=\"email\" id=\"wpforms-3183-field_8\" class=\"wpforms-field-medium wpforms-field-required\" name=\"wpforms[fields][8]\" spellcheck=\"false\" required><\/div><div id=\"wpforms-3183-field_4-container\" class=\"wpforms-field wpforms-field-radio\" data-field-id=\"4\"><label class=\"wpforms-field-label\">Kommst Du vorbei?<\/label><ul id=\"wpforms-3183-field_4\"><li class=\"choice-1 depth-1\"><input type=\"radio\" id=\"wpforms-3183-field_4_1\" name=\"wpforms[fields][4]\" value=\"Ja\"  ><label class=\"wpforms-field-label-inline\" for=\"wpforms-3183-field_4_1\">Ja<\/label><\/li><li class=\"choice-2 depth-1\"><input type=\"radio\" id=\"wpforms-3183-field_4_2\" name=\"wpforms[fields][4]\" value=\"Nein, leider nicht.\"  ><label class=\"wpforms-field-label-inline\" for=\"wpforms-3183-field_4_2\">Nein, leider nicht.<\/label><\/li><li class=\"choice-3 depth-1\"><input type=\"radio\" id=\"wpforms-3183-field_4_3\" name=\"wpforms[fields][4]\" value=\"Ich m\u00f6chte den Newsletter mit Infos zu kommenden Events abonnieren.\"  ><label class=\"wpforms-field-label-inline\" for=\"wpforms-3183-field_4_3\">Ich m\u00f6chte den Newsletter mit Infos zu kommenden Events abonnieren.<\/label><\/li><\/ul><\/div><div id=\"wpforms-3183-field_6-container\" class=\"wpforms-field wpforms-field-select wpforms-field-select-style-classic\" data-field-id=\"6\"><label class=\"wpforms-field-label\" for=\"wpforms-3183-field_6\">Mit wie vielen Personen kommst Du?<\/label><select id=\"wpforms-3183-field_6\" class=\"wpforms-field-medium\" name=\"wpforms[fields][6]\"><option value=\"Ich komme allein.\"  class=\"choice-4 depth-1\"  >Ich komme allein.<\/option><option value=\"Ich bringe eine Person mit.\"  class=\"choice-1 depth-1\"  >Ich bringe eine Person mit.<\/option><option value=\"Ich bringe 2 Personen mit.\"  class=\"choice-2 depth-1\"  >Ich bringe 2 Personen mit.<\/option><option value=\"Wir sind mindestens zu dritt.\"  class=\"choice-3 depth-1\"  >Wir sind mindestens zu dritt.<\/option><\/select><\/div><div id=\"wpforms-3183-field_7-container\" class=\"wpforms-field wpforms-field-textarea\" data-field-id=\"7\"><label class=\"wpforms-field-label\" for=\"wpforms-3183-field_7\">Hast Du noch Fragen oder Anregungen?<\/label><textarea id=\"wpforms-3183-field_7\" class=\"wpforms-field-medium\" name=\"wpforms[fields][7]\" ><\/textarea><\/div><script>\n\t\t\t\t( function() {\n\t\t\t\t\tconst style = document.createElement( 'style' );\n\t\t\t\t\tstyle.appendChild( document.createTextNode( '#wpforms-3183-field_2-container { position: absolute !important; overflow: hidden !important; display: inline !important; height: 1px !important; width: 1px !important; z-index: -1000 !important; padding: 0 !important; } #wpforms-3183-field_2-container input { visibility: hidden; } #wpforms-conversational-form-page #wpforms-3183-field_2-container label { counter-increment: none; }' ) );\n\t\t\t\t\tdocument.head.appendChild( style );\n\t\t\t\t\tdocument.currentScript?.remove();\n\t\t\t\t} )();\n\t\t\t<\/script><\/div><!-- .wpforms-field-container --><div class=\"wpforms-recaptcha-container wpforms-is-recaptcha wpforms-is-recaptcha-type-invisible\" ><div class=\"g-recaptcha\" data-sitekey=\"6LdT89gqAAAAAJsMz9qLOxDwabvBkpS9KNwB6s3k\" data-size=\"invisible\"><\/div><\/div><div class=\"wpforms-submit-container\" ><input type=\"hidden\" name=\"wpforms[id]\" value=\"3183\"><input type=\"hidden\" name=\"page_title\" value=\"\"><input type=\"hidden\" name=\"page_url\" value=\"http:\/\/tissuetales.net\/fr\/wp-json\/wp\/v2\/pages\/23\"><input type=\"hidden\" name=\"url_referer\" value=\"\"><button type=\"submit\" name=\"wpforms[submit]\" id=\"wpforms-submit-3183\" class=\"wpforms-submit\" data-alt-text=\"Danke, Deine Anmeldung ist auf dem Weg!\" data-submit-text=\"Anmelden\" aria-live=\"assertive\" value=\"wpforms-submit\">Anmelden<\/button><img loading=\"lazy\" decoding=\"async\" src=\"http:\/\/tissuetales.net\/wp-content\/plugins\/wpforms-lite\/assets\/images\/submit-spin.svg\" class=\"wpforms-submit-spinner\" style=\"display: none;\" width=\"26\" height=\"26\" alt=\"Chargement en cours\"><\/div><\/form><\/div>  <!-- .wpforms-container --><\/div><\/div><\/div><div class=\"wpb_column vc_column_container vc_col-sm-4\"><div class=\"vc_column-inner\"><div class=\"wpb_wrapper\"><\/div><\/div><\/div><\/div><div data-vc-full-width=\"true\" data-vc-full-width-init=\"false\" data-vc-stretch-content=\"true\" class=\"vc_row wpb_row vc_row-fluid vc_custom_1656706252276 vc_row-has-fill vc_row-no-padding\"><div class=\"wpb_column vc_column_container vc_col-sm-12\"><div class=\"vc_column-inner vc_custom_1656713435069\"><div class=\"wpb_wrapper\">\n\t<div class=\"wpb_text_column wpb_content_element \" >\n\t\t<div class=\"wpb_wrapper\">\n\t\t\t<h1 style=\"text-align: center; color: white;\">Kollektionen<\/h1>\n\n\t\t<\/div>\n\t<\/div>\n\n\t<div  class=\"wpb_single_image wpb_content_element vc_align_left  vc_custom_1656710990217\">\n\t\t\n\t\t<figure class=\"wpb_wrapper vc_figure\">\n\t\t\t<div class=\"vc_single_image-wrapper   vc_box_border_grey\"><img loading=\"lazy\" decoding=\"async\" width=\"350\" height=\"5\" src=\"https:\/\/tissuetales.net\/wp-content\/uploads\/2022\/07\/trait-bleu.png\" class=\"vc_single_image-img attachment-full\" alt=\"\" title=\"trait-bleu\" srcset=\"https:\/\/tissuetales.net\/wp-content\/uploads\/2022\/07\/trait-bleu.png 350w, https:\/\/tissuetales.net\/wp-content\/uploads\/2022\/07\/trait-bleu-300x4.png 300w\" sizes=\"auto, (max-width: 350px) 100vw, 350px\" \/><\/div>\n\t\t<\/figure>\n\t<\/div>\n\n\t<div class=\"wpb_text_column wpb_content_element  vc_custom_1656711820396\" >\n\t\t<div class=\"wpb_wrapper\">\n\t\t\t<p style=\"text-align: center; color: white;\">Die Modelle kombinieren den Reichtum an Geweben, Stoffen und Batiken von einem so vielf\u00e4ltigen Kontinent mit Schnitten und Designs, die f\u00fcr Menschen in Europa ma\u00dfgeschneidert sind. Doch es geht um viel mehr als \u201enur\u201c Mode \u2013 jedes Teil erz\u00e4hlt auch, wer den Stoff gewebt, gef\u00e4rbt oder gen\u00e4ht hat.<\/p>\n\n\t\t<\/div>\n\t<\/div>\n<div class=\"vc_row wpb_row vc_inner vc_row-fluid vc_custom_1656720107384 vc_row-o-content-middle vc_row-flex\"><div class=\"wpb_column vc_column_container vc_col-sm-12 vc_hidden-xs\"><div class=\"vc_column-inner\"><div class=\"wpb_wrapper\"><div class=\"vc_empty_space  blocblanc\"   style=\"height: 40em\"><span class=\"vc_empty_space_inner\"><\/span><\/div><\/div><\/div><\/div><\/div><div class=\"vc_row wpb_row vc_inner vc_row-fluid vc_custom_1656721325415\"><div class=\"wpb_column vc_column_container vc_col-sm-12\"><div class=\"vc_column-inner\"><div class=\"wpb_wrapper\">\n<div class=\"vc_grid-container-wrapper vc_clearfix vc_grid-animation-none\">\n\t<div class=\"vc_grid-container vc_clearfix wpb_content_element vc_media_grid vc_custom_1656721469014 blocgal\" data-initial-loading-animation=\"none\" data-vc-grid-settings=\"{&quot;page_id&quot;:23,&quot;style&quot;:&quot;all&quot;,&quot;action&quot;:&quot;vc_get_vc_grid_data&quot;,&quot;shortcode_id&quot;:&quot;1752160581069-6fc5cf57-da19-2&quot;,&quot;tag&quot;:&quot;vc_media_grid&quot;}\" data-vc-request=\"https:\/\/tissuetales.net\/wp-admin\/admin-ajax.php\" data-vc-post-id=\"23\" data-vc-public-nonce=\"d43d4cd1e2\">\n\t\t\n\t<\/div>\n<\/div><\/div><\/div><\/div><\/div><\/div><\/div><\/div><\/div><div class=\"vc_row-full-width vc_clearfix\"><\/div><section class=\"vc_section landing vc_custom_1656709784645 vc_section-has-fill vc_row-o-full-height\"><div class=\"vc_row wpb_row vc_row-fluid vc_custom_1656709914672 vc_row-has-fill\"><div class=\"wpb_column vc_column_container vc_col-sm-12\"><div class=\"vc_column-inner\"><div class=\"wpb_wrapper\"><div class=\"vc_empty_space\"   style=\"height: 40px\"><span class=\"vc_empty_space_inner\"><\/span><\/div><\/div><\/div><\/div><\/div><\/section><div class=\"vc_row wpb_row vc_row-fluid vc_custom_1656708956247 vc_row-has-fill\"><div class=\"wpb_column vc_column_container vc_col-sm-12\"><div class=\"vc_column-inner\"><div class=\"wpb_wrapper\"><div class=\"vc_empty_space\"   style=\"height: 10px\"><span class=\"vc_empty_space_inner\"><\/span><\/div>\n\t<div class=\"wpb_text_column wpb_content_element  vc_custom_1752097828668\" >\n\t\t<div class=\"wpb_wrapper\">\n\t\t\t<h1 style=\"text-align: center;\"><b>Ein Raum f\u00fcr Austausch, Kreativit\u00e4t &amp; nachhaltige Mode \u2013 <\/b><\/h1>\n<h1 style=\"text-align: center;\"><b>Werde Teil unserer Community!<\/b><\/h1>\n<h3 style=\"text-align: center;\">Diallo Tissue Tales er\u00f6ffnet in der Florastra\u00dfe nicht nur einen Showroom, sondern auch einen <b>l<\/b>ebendigen Ort f\u00fcr Begegnungen und Zusammenarbeit.<br \/>\nWir freuen uns auf Stoffliebhaber:innen, die Wert auf Handwerk, kulturelle Identit\u00e4t und fairen Handel legen.<br \/>\nDu hast ein Faible f\u00fcr afrikanische Kulturen, oder m\u00f6chtest sie entdecken?<br \/>\nDu geh\u00f6rst zur afrodiasporischen Community und vermisst ma\u00dfgeschneiderte, nachhaltige afrikanische Mode?<br \/>\nDu hast ein frauengef\u00fchrtes Unternehmen oder eine eigene Modemarke?<\/h3>\n<h3 style=\"text-align: center;\">In jedem Fall: Willkommen bei Diallo tissue tales!<\/h3>\n<p>&nbsp;<\/p>\n<h3 style=\"text-align: center;\">Dich erwarten<\/h3>\n<h3 style=\"text-align: center;\">\ud83e\uddf5<b>Workshops rund ums N\u00e4hen &amp; Modedesign<\/b> \u2013 Lerne traditionelle und moderne Techniken von erfahrenen Designer:innen<br \/>\n\ud83c\udfa4 <b>Talks mit Unternehmer:innen, K\u00fcnstler:innen und\u00a0 inspirierenden Menschen<\/b>\u00a0\u2013 Lass dich inspirieren und teile Deine eigene Reise<br \/>\n\ud83e\udd1d <b>Veranstaltungen zur kulturellen Begegnung<\/b> \u2013 Vernetze Dich mit Kreativen, Kunstschaffenden &amp; Modebegeisterten<\/h3>\n<h3 style=\"text-align: center;\">\ud83c\udf0d <b>Lass uns gemeinsam einen Ort schaffen, an dem Mode, Kultur und Nachhaltigkeit zusammenkommen!<\/b><\/h3>\n<p>&nbsp;<\/p>\n<h3 style=\"text-align: center;\">Besuche den Showroom und das Atelier<br \/>\nf\u00fcr nachhaltige und wertsch\u00e4tzende Mode in Pankow.<\/h3>\n<h3 style=\"text-align: center;\">\u00d6ffnungszeiten: Mo -Fr 12-18, Sa 10-14<\/h3>\n<p>&nbsp;<\/p>\n<p>&nbsp;<\/p>\n<p>&nbsp;<\/p>\n<h2 style=\"text-align: center;\"><\/h2>\n\n\t\t<\/div>\n\t<\/div>\n<\/div><\/div><\/div><\/div><div class=\"vc_row wpb_row vc_row-fluid\"><div class=\"wpb_column vc_column_container vc_col-sm-4\"><div class=\"vc_column-inner\"><div class=\"wpb_wrapper\"><\/div><\/div><\/div><div class=\"wpb_column vc_column_container vc_col-sm-4\"><div class=\"vc_column-inner\"><div class=\"wpb_wrapper\"><div class=\"wpforms-container wpforms-container-full\" id=\"wpforms-3183\"><form id=\"wpforms-form-3183\" class=\"wpforms-validate wpforms-form wpforms-ajax-form\" data-formid=\"3183\" method=\"post\" enctype=\"multipart\/form-data\" action=\"\/fr\/wp-json\/wp\/v2\/pages\/23\" data-token=\"406cd4368cdbbf3fdd0582cb816fa7c3\" data-token-time=\"1776796126\"><div class=\"wpforms-head-container\"><div class=\"wpforms-title\">Une Valise \u00e0 Tunis, 09.08.2025<\/div><\/div><noscript class=\"wpforms-error-noscript\">Veuillez activer JavaScript dans votre navigateur pour remplir ce formulaire.<\/noscript><div class=\"wpforms-field-container\"><div id=\"wpforms-3183-field_1-container\" class=\"wpforms-field wpforms-field-name\" data-field-id=\"1\"><label class=\"wpforms-field-label\">Name <span class=\"wpforms-required-label\">*<\/span><\/label><div class=\"wpforms-field-row wpforms-field-medium\"><div class=\"wpforms-field-row-block wpforms-first wpforms-one-half\"><input type=\"text\" id=\"wpforms-3183-field_1\" class=\"wpforms-field-name-first wpforms-field-required\" name=\"wpforms[fields][1][first]\" required><label for=\"wpforms-3183-field_1\" class=\"wpforms-field-sublabel after\">Pr\u00e9nom<\/label><\/div><div class=\"wpforms-field-row-block wpforms-one-half\"><input type=\"text\" id=\"wpforms-3183-field_1-last\" class=\"wpforms-field-name-last wpforms-field-required\" name=\"wpforms[fields][1][last]\" required><label for=\"wpforms-3183-field_1-last\" class=\"wpforms-field-sublabel after\">Nom<\/label><\/div><\/div><\/div><div id=\"wpforms-3183-field_8-container\" class=\"wpforms-field wpforms-field-email\" data-field-id=\"8\"><label class=\"wpforms-field-label\" for=\"wpforms-3183-field_8\">Email <span class=\"wpforms-required-label\">*<\/span><\/label><input type=\"email\" id=\"wpforms-3183-field_8\" class=\"wpforms-field-medium wpforms-field-required\" name=\"wpforms[fields][8]\" spellcheck=\"false\" required><\/div><div id=\"wpforms-3183-field_4-container\" class=\"wpforms-field wpforms-field-radio\" data-field-id=\"4\"><label class=\"wpforms-field-label\">Kommst Du vorbei?<\/label><ul id=\"wpforms-3183-field_4\"><li class=\"choice-1 depth-1\"><input type=\"radio\" id=\"wpforms-3183-field_4_1\" name=\"wpforms[fields][4]\" value=\"Ja\"  ><label class=\"wpforms-field-label-inline\" for=\"wpforms-3183-field_4_1\">Ja<\/label><\/li><li class=\"choice-2 depth-1\"><input type=\"radio\" id=\"wpforms-3183-field_4_2\" name=\"wpforms[fields][4]\" value=\"Nein, leider nicht.\"  ><label class=\"wpforms-field-label-inline\" for=\"wpforms-3183-field_4_2\">Nein, leider nicht.<\/label><\/li><li class=\"choice-3 depth-1\"><input type=\"radio\" id=\"wpforms-3183-field_4_3\" name=\"wpforms[fields][4]\" value=\"Ich m\u00f6chte den Newsletter mit Infos zu kommenden Events abonnieren.\"  ><label class=\"wpforms-field-label-inline\" for=\"wpforms-3183-field_4_3\">Ich m\u00f6chte den Newsletter mit Infos zu kommenden Events abonnieren.<\/label><\/li><\/ul><\/div>\t\t<div id=\"wpforms-3183-field_2-container\"\n\t\t\tclass=\"wpforms-field wpforms-field-text\"\n\t\t\tdata-field-type=\"text\"\n\t\t\tdata-field-id=\"2\"\n\t\t\t>\n\t\t\t<label class=\"wpforms-field-label\" for=\"wpforms-3183-field_2\" >vielen Mit Du<\/label>\n\t\t\t<input type=\"text\" id=\"wpforms-3183-field_2\" class=\"wpforms-field-medium\" name=\"wpforms[fields][2]\" >\n\t\t<\/div>\n\t\t<div id=\"wpforms-3183-field_6-container\" class=\"wpforms-field wpforms-field-select wpforms-field-select-style-classic\" data-field-id=\"6\"><label class=\"wpforms-field-label\" for=\"wpforms-3183-field_6\">Mit wie vielen Personen kommst Du?<\/label><select id=\"wpforms-3183-field_6\" class=\"wpforms-field-medium\" name=\"wpforms[fields][6]\"><option value=\"Ich komme allein.\"  class=\"choice-4 depth-1\"  >Ich komme allein.<\/option><option value=\"Ich bringe eine Person mit.\"  class=\"choice-1 depth-1\"  >Ich bringe eine Person mit.<\/option><option value=\"Ich bringe 2 Personen mit.\"  class=\"choice-2 depth-1\"  >Ich bringe 2 Personen mit.<\/option><option value=\"Wir sind mindestens zu dritt.\"  class=\"choice-3 depth-1\"  >Wir sind mindestens zu dritt.<\/option><\/select><\/div><div id=\"wpforms-3183-field_7-container\" class=\"wpforms-field wpforms-field-textarea\" data-field-id=\"7\"><label class=\"wpforms-field-label\" for=\"wpforms-3183-field_7\">Hast Du noch Fragen oder Anregungen?<\/label><textarea id=\"wpforms-3183-field_7\" class=\"wpforms-field-medium\" name=\"wpforms[fields][7]\" ><\/textarea><\/div><script>\n\t\t\t\t( function() {\n\t\t\t\t\tconst style = document.createElement( 'style' );\n\t\t\t\t\tstyle.appendChild( document.createTextNode( '#wpforms-3183-field_2-container { position: absolute !important; overflow: hidden !important; display: inline !important; height: 1px !important; width: 1px !important; z-index: -1000 !important; padding: 0 !important; } #wpforms-3183-field_2-container input { visibility: hidden; } #wpforms-conversational-form-page #wpforms-3183-field_2-container label { counter-increment: none; }' ) );\n\t\t\t\t\tdocument.head.appendChild( style );\n\t\t\t\t\tdocument.currentScript?.remove();\n\t\t\t\t} )();\n\t\t\t<\/script><\/div><!-- .wpforms-field-container --><div class=\"wpforms-recaptcha-container wpforms-is-recaptcha wpforms-is-recaptcha-type-invisible\" ><div class=\"g-recaptcha\" data-sitekey=\"6LdT89gqAAAAAJsMz9qLOxDwabvBkpS9KNwB6s3k\" data-size=\"invisible\"><\/div><\/div><div class=\"wpforms-submit-container\" ><input type=\"hidden\" name=\"wpforms[id]\" value=\"3183\"><input type=\"hidden\" name=\"page_title\" value=\"\"><input type=\"hidden\" name=\"page_url\" value=\"http:\/\/tissuetales.net\/fr\/wp-json\/wp\/v2\/pages\/23\"><input type=\"hidden\" name=\"url_referer\" value=\"\"><button type=\"submit\" name=\"wpforms[submit]\" id=\"wpforms-submit-3183\" class=\"wpforms-submit\" data-alt-text=\"Danke, Deine Anmeldung ist auf dem Weg!\" data-submit-text=\"Anmelden\" aria-live=\"assertive\" value=\"wpforms-submit\">Anmelden<\/button><img loading=\"lazy\" decoding=\"async\" src=\"http:\/\/tissuetales.net\/wp-content\/plugins\/wpforms-lite\/assets\/images\/submit-spin.svg\" class=\"wpforms-submit-spinner\" style=\"display: none;\" width=\"26\" height=\"26\" alt=\"Chargement en cours\"><\/div><\/form><\/div>  <!-- .wpforms-container --><\/div><\/div><\/div><div class=\"wpb_column vc_column_container vc_col-sm-4\"><div class=\"vc_column-inner\"><div class=\"wpb_wrapper\"><\/div><\/div><\/div><\/div>\n","protected":false},"excerpt":{"rendered":"<p>&nbsp;<\/p>","protected":false},"author":1,"featured_media":0,"parent":0,"menu_order":0,"comment_status":"closed","ping_status":"closed","template":"page-full-width.php","meta":{"footnotes":""},"class_list":["post-23","page","type-page","status-publish","hentry"],"_links":{"self":[{"href":"http:\/\/tissuetales.net\/fr\/wp-json\/wp\/v2\/pages\/23","targetHints":{"allow":["GET"]}}],"collection":[{"href":"http:\/\/tissuetales.net\/fr\/wp-json\/wp\/v2\/pages"}],"about":[{"href":"http:\/\/tissuetales.net\/fr\/wp-json\/wp\/v2\/types\/page"}],"author":[{"embeddable":true,"href":"http:\/\/tissuetales.net\/fr\/wp-json\/wp\/v2\/users\/1"}],"replies":[{"embeddable":true,"href":"http:\/\/tissuetales.net\/fr\/wp-json\/wp\/v2\/comments?post=23"}],"version-history":[{"count":81,"href":"http:\/\/tissuetales.net\/fr\/wp-json\/wp\/v2\/pages\/23\/revisions"}],"predecessor-version":[{"id":3241,"href":"http:\/\/tissuetales.net\/fr\/wp-json\/wp\/v2\/pages\/23\/revisions\/3241"}],"wp:attachment":[{"href":"http:\/\/tissuetales.net\/fr\/wp-json\/wp\/v2\/media?parent=23"}],"curies":[{"name":"wp","href":"https:\/\/api.w.org\/{rel}","templated":true}]}}