{"id":360,"date":"2022-07-02T14:16:50","date_gmt":"2022-07-02T12:16:50","guid":{"rendered":"http:\/\/tissuetales.net\/?page_id=360"},"modified":"2026-04-03T13:22:51","modified_gmt":"2026-04-03T11:22:51","slug":"stoffgeschichten","status":"publish","type":"page","link":"http:\/\/tissuetales.net\/fr\/stoffgeschichten\/","title":{"rendered":"Stoffgeschichten"},"content":{"rendered":"<section class=\"vc_section vc_custom_1657293012150 vc_section-has-fill\"><div class=\"vc_row wpb_row vc_row-fluid vc_custom_1657232816818\"><div class=\"wpb_column vc_column_container vc_col-sm-12\"><div class=\"vc_column-inner\"><div class=\"wpb_wrapper\">\n\t<div class=\"wpb_text_column wpb_content_element \" >\n\t\t<div class=\"wpb_wrapper\">\n\t\t\t<h1 style=\"text-align: center;\">Stoffgeschichten<\/h1>\n\n\t\t<\/div>\n\t<\/div>\n<\/div><\/div><\/div><\/div><div class=\"vc_row wpb_row vc_row-fluid\"><div class=\"wpb_column vc_column_container vc_col-sm-12\"><div class=\"vc_column-inner\"><div class=\"wpb_wrapper\">\n\t<div  class=\"wpb_single_image wpb_content_element vc_align_left\">\n\t\t\n\t\t<figure class=\"wpb_wrapper vc_figure\">\n\t\t\t<div class=\"vc_single_image-wrapper   vc_box_border_grey\"><img loading=\"lazy\" decoding=\"async\" width=\"350\" height=\"5\" src=\"https:\/\/tissuetales.net\/wp-content\/uploads\/2022\/07\/trait-bleu.png\" class=\"vc_single_image-img attachment-large\" alt=\"\" title=\"trait-bleu\" srcset=\"https:\/\/tissuetales.net\/wp-content\/uploads\/2022\/07\/trait-bleu.png 350w, https:\/\/tissuetales.net\/wp-content\/uploads\/2022\/07\/trait-bleu-300x4.png 300w\" sizes=\"auto, (max-width: 350px) 100vw, 350px\" \/><\/div>\n\t\t<\/figure>\n\t<\/div>\n<\/div><\/div><\/div><\/div><div class=\"vc_row wpb_row vc_row-fluid vc_custom_1657231956182\"><div class=\"wpb_column vc_column_container vc_col-sm-12\"><div class=\"vc_column-inner\"><div class=\"wpb_wrapper\">\n\t<div class=\"wpb_text_column wpb_content_element \" >\n\t\t<div class=\"wpb_wrapper\">\n\t\t\t<p style=\"text-align: center;\"><strong><span style=\"text-align: center;\">Willkommen beim Blog von Diallo tissue tales!\u00a0<\/span><\/strong><\/p>\n<p class=\"font_8\"><span class=\"color_35\">Hier schl\u00e4gt das zweite Herz der Modemarke. Denn rund um die Stoffauswahl, das Design und die Produktion der kulturverbindenden Einzelst\u00fccke entstehen viele Geschichten, die einfach erz\u00e4hlt werden m\u00fcssen. Ihr erfahrt, wo, wie und von wem die wundersch\u00f6nen Stoffe f\u00fcr Eure Statement-Pieces produziert werden, welche Bedeutung sie haben, was uns inspiriert, wenn eine neue Kollektion entsteht und Vieles mehr. Wenn wir auf Reisen zwischen den Kontinenten sind, k\u00f6nnt Ihr uns hier begleiten. Ihr erfahrt so mehr \u00fcber die Heimat der Menschen, die f\u00fcr Euch weben und batiken.\u00a0<\/span><\/p>\n<p class=\"font_8\"><span class=\"color_35\">Wir m\u00f6chten Mode mit Geschichten den Wert geben, der ihr zusteht. Wenn Ihr die Teile tragt, transportieren sie neben offensichtlicher \u00c4sthetik hoffentlich auch kulturelles Verst\u00e4ndnis und ein Bewusstsein f\u00fcr den aufw\u00e4ndigen Produktionsprozess, die Vielzahl der Mitwirkenden und eine neue Wertsch\u00e4tzung f\u00fcr Kleidung. Unsere Vision ist es, das Bild der afrikanischen L\u00e4nder in Europa und umgekehrt realistisch zu vervollst\u00e4ndigen und Mode ein echtes Gesicht zu geben.\u00a0<\/span><\/p>\n<p class=\"font_8\"><span class=\"color_35\">Lasst Euch \u00fcberraschen!<\/span><\/p>\n\n\t\t<\/div>\n\t<\/div>\n<\/div><\/div><\/div><\/div><div class=\"vc_row wpb_row vc_row-fluid vc_custom_1657230528931\"><div class=\"wpb_column vc_column_container vc_col-sm-12\"><div class=\"vc_column-inner\"><div class=\"wpb_wrapper\">\n<div class=\"vc_grid-container-wrapper vc_clearfix vc_grid-animation-none\">\n\t<div class=\"vc_grid-container vc_clearfix wpb_content_element vc_basic_grid\" data-initial-loading-animation=\"none\" data-vc-grid-settings=\"{&quot;page_id&quot;:360,&quot;style&quot;:&quot;lazy&quot;,&quot;action&quot;:&quot;vc_get_vc_grid_data&quot;,&quot;shortcode_id&quot;:&quot;1659988395407-dd70d0fa-1c35-5&quot;,&quot;items_per_page&quot;:&quot;6&quot;,&quot;tag&quot;:&quot;vc_basic_grid&quot;}\" data-vc-request=\"https:\/\/tissuetales.net\/wp-admin\/admin-ajax.php\" data-vc-post-id=\"360\" data-vc-public-nonce=\"c1dc5c1a62\">\n\t\t<style data-type=\"vc_shortcodes-custom-css\">.vc_custom_1657229489674{background-color: #f9f9f9 !important;}.vc_custom_1657540730035{background-color: #ffffff !important;}<\/style><div class=\"vc_grid vc_row vc_grid-gutter-30px vc_pageable-wrapper vc_hook_hover\" data-vc-pageable-content=\"true\"><div class=\"vc_pageable-slide-wrapper vc_clearfix\" data-vc-grid-content=\"true\"><div class=\"vc_grid-item vc_clearfix vc_col-sm-6 vc_grid-item-zone-c-bottom\"><div class=\"vc_grid-item-mini vc_clearfix \"><div class=\"vc_gitem-animated-block\" ><div class=\"vc_gitem-zone vc_gitem-zone-a postimgrounded vc-gitem-zone-height-mode-auto vc-gitem-zone-height-mode-auto-1-1 vc_gitem-is-link\" style=\"background-image: url('https:\/\/tissuetales.net\/wp-content\/uploads\/2026\/04\/Gold-1024x602.jpg') !important;\"><a href=\"http:\/\/tissuetales.net\/fr\/overcoming-neo-colonial-dependency-fair-prices-for-gold-can-strengthen-burkina-faso\/\" title=\"Overcoming neo-colonial dependency: Fair prices for gold can strengthen Burkina Faso\" class=\"vc_gitem-link vc-zone-link\" ><\/a><img decoding=\"async\" src=\"https:\/\/tissuetales.net\/wp-content\/uploads\/2026\/04\/Gold-1024x602.jpg\" class=\"vc_gitem-zone-img\" alt=\"Stapel mit Goldm\u00fcnszen, die zum rechten Bildrand hin immer kleiner werden und als Symbol f\u00fcr die geringe Beteiligung von Burkina Faso am Handel mit den eigenen Goldreserven stehen.\"><div class=\"vc_gitem-zone-mini\"><\/div><\/div><\/div><div class=\"vc_gitem-zone vc_gitem-zone-c postpreviewrounded vc_custom_1657229489674\"><div class=\"vc_gitem-zone-mini\"><div class=\"vc_gitem_row vc_row vc_gitem-row-position-top\"><div class=\"vc_col-sm-12 previewarticlebloc vc_gitem-col vc_gitem-col-align- vc_custom_1657540730035\"><div class=\"vc_custom_heading vc_gitem-post-data vc_gitem-post-data-source-post_title\" ><h4 style=\"text-align: left;font-family:Quicksand;font-weight:700;font-style:normal\" ><a href=\"http:\/\/tissuetales.net\/fr\/overcoming-neo-colonial-dependency-fair-prices-for-gold-can-strengthen-burkina-faso\/\" class=\"vc_gitem-link\" title=\"Overcoming neo-colonial dependency: Fair prices for gold can strengthen Burkina Faso\">Overcoming neo-colonial dependency: Fair prices for gold can strengthen Burkina Faso<\/a><\/h4><\/div><div class=\"vc_separator wpb_content_element vc_separator_align_center vc_sep_width_100 vc_sep_pos_align_center vc_separator_no_text vc_sep_color_grey\" ><span class=\"vc_sep_holder vc_sep_holder_l\"><span  class=\"vc_sep_line\"><\/span><\/span><span class=\"vc_sep_holder vc_sep_holder_r\"><span  class=\"vc_sep_line\"><\/span><\/span>\n<\/div><div class=\"vc_custom_heading previewarticle vc_gitem-post-data vc_gitem-post-data-source-post_excerpt\" ><p style=\"text-align: left\" ><a href=\"http:\/\/tissuetales.net\/fr\/overcoming-neo-colonial-dependency-fair-prices-for-gold-can-strengthen-burkina-faso\/\" class=\"vc_gitem-link\" title=\"Overcoming neo-colonial dependency: Fair prices for gold can strengthen Burkina Faso\"><p>&#8212;-Scroll down to read the German and French version&#8212;- Overcoming neo-colonial dependency: Fair prices for gold can strengthen Burkina Faso At a glance: Burkina Faso is one of Africa\u2019s largest gold producers, yet international companies control large parts of gold production, whilst profits and further processing are predominantly channelled abroad. Fair prices, greater state involvement, [&hellip;]<\/p>\n<\/a><\/p><\/div><div class=\"vc_btn3-container  buttonarticle vc_btn3-inline\"><a style=\"background-color:#e0a52c; color:#ffffff;\" class=\"vc_general vc_btn3 vc_btn3-size-md vc_btn3-shape-rounded vc_btn3-style-custom\" a href=\"http:\/\/tissuetales.net\/fr\/overcoming-neo-colonial-dependency-fair-prices-for-gold-can-strengthen-burkina-faso\/\" class=\"vc_gitem-link vc_general vc_btn3 vc_general vc_btn3 vc_btn3-size-md vc_btn3-shape-rounded vc_btn3-style-custom buttonarticle\" title=\"Mehr lesen\">Mehr lesen<\/a><\/div><\/div><\/div><\/div><\/div><\/div><div class=\"vc_clearfix\"><\/div><\/div><div class=\"vc_grid-item vc_clearfix vc_col-sm-6 vc_grid-item-zone-c-bottom\"><div class=\"vc_grid-item-mini vc_clearfix \"><div class=\"vc_gitem-animated-block\" ><div class=\"vc_gitem-zone vc_gitem-zone-a postimgrounded vc-gitem-zone-height-mode-auto vc-gitem-zone-height-mode-auto-1-1 vc_gitem-is-link\" style=\"background-image: url('https:\/\/tissuetales.net\/wp-content\/uploads\/2026\/04\/Blog-April-1024x737.jpg') !important;\"><a href=\"http:\/\/tissuetales.net\/fr\/why-i-am-writing-today-about-violence-dignity-and-visibility\/\" title=\"Why I am writing today about violence, dignity and visibility\" class=\"vc_gitem-link vc-zone-link\" ><\/a><img decoding=\"async\" src=\"https:\/\/tissuetales.net\/wp-content\/uploads\/2026\/04\/Blog-April-1024x737.jpg\" class=\"vc_gitem-zone-img\" alt=\"Illustration eines stilisierten traurigen Gesichts auf pinkem Hintergrund: geschlossene Augen, angedeutete Nase und ein einzelner Tropfen unter dem rechten Auge. Ein violetter, malerischer Pinselstrich \u00fcberlagert Teile des Gesichts und verst\u00e4rkt die emotionale Wirkung.\"><div class=\"vc_gitem-zone-mini\"><\/div><\/div><\/div><div class=\"vc_gitem-zone vc_gitem-zone-c postpreviewrounded vc_custom_1657229489674\"><div class=\"vc_gitem-zone-mini\"><div class=\"vc_gitem_row vc_row vc_gitem-row-position-top\"><div class=\"vc_col-sm-12 previewarticlebloc vc_gitem-col vc_gitem-col-align- vc_custom_1657540730035\"><div class=\"vc_custom_heading vc_gitem-post-data vc_gitem-post-data-source-post_title\" ><h4 style=\"text-align: left;font-family:Quicksand;font-weight:700;font-style:normal\" ><a href=\"http:\/\/tissuetales.net\/fr\/why-i-am-writing-today-about-violence-dignity-and-visibility\/\" class=\"vc_gitem-link\" title=\"Why I am writing today about violence, dignity and visibility\">Why I am writing today about violence, dignity and visibility<\/a><\/h4><\/div><div class=\"vc_separator wpb_content_element vc_separator_align_center vc_sep_width_100 vc_sep_pos_align_center vc_separator_no_text vc_sep_color_grey\" ><span class=\"vc_sep_holder vc_sep_holder_l\"><span  class=\"vc_sep_line\"><\/span><\/span><span class=\"vc_sep_holder vc_sep_holder_r\"><span  class=\"vc_sep_line\"><\/span><\/span>\n<\/div><div class=\"vc_custom_heading previewarticle vc_gitem-post-data vc_gitem-post-data-source-post_excerpt\" ><p style=\"text-align: left\" ><a href=\"http:\/\/tissuetales.net\/fr\/why-i-am-writing-today-about-violence-dignity-and-visibility\/\" class=\"vc_gitem-link\" title=\"Why I am writing today about violence, dignity and visibility\"><p>&#8212;-Scroll down to read the German and French version&#8212;- Note: This post deals with sexualised and psychological violence. In a glance:This article builds a bridge between personal experiences of violence and textile creation, visibility and fair collaboration. Fabrics, craftsmanship and creative work become a path to dignity, expression and strength. Over the last few days, [&hellip;]<\/p>\n<\/a><\/p><\/div><div class=\"vc_btn3-container  buttonarticle vc_btn3-inline\"><a style=\"background-color:#e0a52c; color:#ffffff;\" class=\"vc_general vc_btn3 vc_btn3-size-md vc_btn3-shape-rounded vc_btn3-style-custom\" a href=\"http:\/\/tissuetales.net\/fr\/why-i-am-writing-today-about-violence-dignity-and-visibility\/\" class=\"vc_gitem-link vc_general vc_btn3 vc_general vc_btn3 vc_btn3-size-md vc_btn3-shape-rounded vc_btn3-style-custom buttonarticle\" title=\"Mehr lesen\">Mehr lesen<\/a><\/div><\/div><\/div><\/div><\/div><\/div><div class=\"vc_clearfix\"><\/div><\/div><div class=\"vc_grid-item vc_clearfix vc_col-sm-6 vc_grid-item-zone-c-bottom\"><div class=\"vc_grid-item-mini vc_clearfix \"><div class=\"vc_gitem-animated-block\" ><div class=\"vc_gitem-zone vc_gitem-zone-a postimgrounded vc-gitem-zone-height-mode-auto vc-gitem-zone-height-mode-auto-1-1 vc_gitem-is-link\" style=\"background-image: url('https:\/\/tissuetales.net\/wp-content\/uploads\/2026\/03\/Eroeffnung1-768x1024.jpg') !important;\"><a href=\"http:\/\/tissuetales.net\/fr\/womens-day-is-not-just-a-holiday-2\/\" title=\"Women&#8217;s Day is not just a holiday\" class=\"vc_gitem-link vc-zone-link\" ><\/a><img decoding=\"async\" src=\"https:\/\/tissuetales.net\/wp-content\/uploads\/2026\/03\/Eroeffnung1-768x1024.jpg\" class=\"vc_gitem-zone-img\" alt=\"Gruppenfoto vor einem festlich geschm\u00fcckten Ladeneingang mit Ballongirlande: Zehn Erwachsene und zwei Kinder posieren vor einem Aufsteller zur Er\u00f6ffnung von \u201eDiallo tissue tales \u2013 Shop, Events & Atelier\u201c. Die Gruppe l\u00e4chelt in die Kamera, einige tragen farbenfrohe Kleidung; die Szene wirkt einladend, feierlich und gemeinschaftlich.\"><div class=\"vc_gitem-zone-mini\"><\/div><\/div><\/div><div class=\"vc_gitem-zone vc_gitem-zone-c postpreviewrounded vc_custom_1657229489674\"><div class=\"vc_gitem-zone-mini\"><div class=\"vc_gitem_row vc_row vc_gitem-row-position-top\"><div class=\"vc_col-sm-12 previewarticlebloc vc_gitem-col vc_gitem-col-align- vc_custom_1657540730035\"><div class=\"vc_custom_heading vc_gitem-post-data vc_gitem-post-data-source-post_title\" ><h4 style=\"text-align: left;font-family:Quicksand;font-weight:700;font-style:normal\" ><a href=\"http:\/\/tissuetales.net\/fr\/womens-day-is-not-just-a-holiday-2\/\" class=\"vc_gitem-link\" title=\"Women&#8217;s Day is not just a holiday\">Women&#8217;s Day is not just a holiday<\/a><\/h4><\/div><div class=\"vc_separator wpb_content_element vc_separator_align_center vc_sep_width_100 vc_sep_pos_align_center vc_separator_no_text vc_sep_color_grey\" ><span class=\"vc_sep_holder vc_sep_holder_l\"><span  class=\"vc_sep_line\"><\/span><\/span><span class=\"vc_sep_holder vc_sep_holder_r\"><span  class=\"vc_sep_line\"><\/span><\/span>\n<\/div><div class=\"vc_custom_heading previewarticle vc_gitem-post-data vc_gitem-post-data-source-post_excerpt\" ><p style=\"text-align: left\" ><a href=\"http:\/\/tissuetales.net\/fr\/womens-day-is-not-just-a-holiday-2\/\" class=\"vc_gitem-link\" title=\"Women&#8217;s Day is not just a holiday\"><p>&#8212;-Scroll down to read the German and French version&#8212;- In a glance: A personal text about women&#8217;s rights, violence against women, healing and the power of safe spaces \u2013 between Berlin, Burkina Faso and Diallo tissue tales. For me, International Women&#8217;s Day is not an occasion for media-effective symbolism. It reminds me of how much [&hellip;]<\/p>\n<\/a><\/p><\/div><div class=\"vc_btn3-container  buttonarticle vc_btn3-inline\"><a style=\"background-color:#e0a52c; color:#ffffff;\" class=\"vc_general vc_btn3 vc_btn3-size-md vc_btn3-shape-rounded vc_btn3-style-custom\" a href=\"http:\/\/tissuetales.net\/fr\/womens-day-is-not-just-a-holiday-2\/\" class=\"vc_gitem-link vc_general vc_btn3 vc_general vc_btn3 vc_btn3-size-md vc_btn3-shape-rounded vc_btn3-style-custom buttonarticle\" title=\"Mehr lesen\">Mehr lesen<\/a><\/div><\/div><\/div><\/div><\/div><\/div><div class=\"vc_clearfix\"><\/div><\/div><div class=\"vc_grid-item vc_clearfix vc_col-sm-6 vc_grid-item-zone-c-bottom\"><div class=\"vc_grid-item-mini vc_clearfix \"><div class=\"vc_gitem-animated-block\" ><div class=\"vc_gitem-zone vc_gitem-zone-a postimgrounded vc-gitem-zone-height-mode-auto vc-gitem-zone-height-mode-auto-1-1 vc_gitem-is-link\" style=\"background-image: url('https:\/\/tissuetales.net\/wp-content\/uploads\/2026\/02\/A1A3140-683x1024.jpg') !important;\"><a href=\"http:\/\/tissuetales.net\/fr\/fashion-show-in-bobo-dioulasso\/\" title=\"Fashion Show in Bobo Dioulasso\" class=\"vc_gitem-link vc-zone-link\" ><\/a><img decoding=\"async\" src=\"https:\/\/tissuetales.net\/wp-content\/uploads\/2026\/02\/A1A3140-683x1024.jpg\" class=\"vc_gitem-zone-img\" alt=\"Mehrere Personen gehen in einer Reihe \u00fcber einen Hof. Im Vordergrund eine Person mit gestreifter Jacke, roter Hose und kleiner Tasche, dahinter weitere Personen in farbenfroher Kleidung.\"><div class=\"vc_gitem-zone-mini\"><\/div><\/div><\/div><div class=\"vc_gitem-zone vc_gitem-zone-c postpreviewrounded vc_custom_1657229489674\"><div class=\"vc_gitem-zone-mini\"><div class=\"vc_gitem_row vc_row vc_gitem-row-position-top\"><div class=\"vc_col-sm-12 previewarticlebloc vc_gitem-col vc_gitem-col-align- vc_custom_1657540730035\"><div class=\"vc_custom_heading vc_gitem-post-data vc_gitem-post-data-source-post_title\" ><h4 style=\"text-align: left;font-family:Quicksand;font-weight:700;font-style:normal\" ><a href=\"http:\/\/tissuetales.net\/fr\/fashion-show-in-bobo-dioulasso\/\" class=\"vc_gitem-link\" title=\"Fashion Show in Bobo Dioulasso\">Fashion Show in Bobo Dioulasso<\/a><\/h4><\/div><div class=\"vc_separator wpb_content_element vc_separator_align_center vc_sep_width_100 vc_sep_pos_align_center vc_separator_no_text vc_sep_color_grey\" ><span class=\"vc_sep_holder vc_sep_holder_l\"><span  class=\"vc_sep_line\"><\/span><\/span><span class=\"vc_sep_holder vc_sep_holder_r\"><span  class=\"vc_sep_line\"><\/span><\/span>\n<\/div><div class=\"vc_custom_heading previewarticle vc_gitem-post-data vc_gitem-post-data-source-post_excerpt\" ><p style=\"text-align: left\" ><a href=\"http:\/\/tissuetales.net\/fr\/fashion-show-in-bobo-dioulasso\/\" class=\"vc_gitem-link\" title=\"Fashion Show in Bobo Dioulasso\"><p>Between threads, colours and memories \u2013 Diallo tissue tales&#8216; journey to Bobo Dioulasso &#8212;-Scroll down to read the German and French version&#8212;- Grand Bassam: Salt water, fabric visions and a new beginning The first stage of this year&#8217;s fabric journey took me to Grand Bassam on the Ivory Coast \u2013 a place where the salty [&hellip;]<\/p>\n<\/a><\/p><\/div><div class=\"vc_btn3-container  buttonarticle vc_btn3-inline\"><a style=\"background-color:#e0a52c; color:#ffffff;\" class=\"vc_general vc_btn3 vc_btn3-size-md vc_btn3-shape-rounded vc_btn3-style-custom\" a href=\"http:\/\/tissuetales.net\/fr\/fashion-show-in-bobo-dioulasso\/\" class=\"vc_gitem-link vc_general vc_btn3 vc_general vc_btn3 vc_btn3-size-md vc_btn3-shape-rounded vc_btn3-style-custom buttonarticle\" title=\"Mehr lesen\">Mehr lesen<\/a><\/div><\/div><\/div><\/div><\/div><\/div><div class=\"vc_clearfix\"><\/div><\/div><div class=\"vc_grid-item vc_clearfix vc_col-sm-6 vc_grid-item-zone-c-bottom\"><div class=\"vc_grid-item-mini vc_clearfix \"><div class=\"vc_gitem-animated-block\" ><div class=\"vc_gitem-zone vc_gitem-zone-a postimgrounded vc-gitem-zone-height-mode-auto vc-gitem-zone-height-mode-auto-1-1 vc_gitem-is-link\" style=\"background-image: url('https:\/\/tissuetales.net\/wp-content\/uploads\/2025\/12\/Gruppenbild-mit-Ashley_klein-scaled-e1766508674335-1024x490.jpg') !important;\"><a href=\"http:\/\/tissuetales.net\/fr\/100-metres-of-pioneering-work-how-kokodunda-found-its-way-to-berlin\/\" title=\"100 metres of pioneering work: How Kokodunda found its way to Berlin\" class=\"vc_gitem-link vc-zone-link\" ><\/a><img decoding=\"async\" src=\"https:\/\/tissuetales.net\/wp-content\/uploads\/2025\/12\/Gruppenbild-mit-Ashley_klein-scaled-e1766508674335-1024x490.jpg\" class=\"vc_gitem-zone-img\" alt=\"Sechs Menschen unterschiedlichen Alters stehen nebeneinander auf einer gefliesten Terrasse. Vier Kinder und zwei erwachsene Frauen l\u00e4cheln in die Kamera. Sie tragen farbenfrohe, teilweise gemusterte Kleidung. Im Hintergrund ist eine Hauswand mit kleinen Fenstern und Pflanzen zu sehen, das Licht ist warmes Tageslicht.\"><div class=\"vc_gitem-zone-mini\"><\/div><\/div><\/div><div class=\"vc_gitem-zone vc_gitem-zone-c postpreviewrounded vc_custom_1657229489674\"><div class=\"vc_gitem-zone-mini\"><div class=\"vc_gitem_row vc_row vc_gitem-row-position-top\"><div class=\"vc_col-sm-12 previewarticlebloc vc_gitem-col vc_gitem-col-align- vc_custom_1657540730035\"><div class=\"vc_custom_heading vc_gitem-post-data vc_gitem-post-data-source-post_title\" ><h4 style=\"text-align: left;font-family:Quicksand;font-weight:700;font-style:normal\" ><a href=\"http:\/\/tissuetales.net\/fr\/100-metres-of-pioneering-work-how-kokodunda-found-its-way-to-berlin\/\" class=\"vc_gitem-link\" title=\"100 metres of pioneering work: How Kokodunda found its way to Berlin\">100 metres of pioneering work: How Kokodunda found its way to Berlin<\/a><\/h4><\/div><div class=\"vc_separator wpb_content_element vc_separator_align_center vc_sep_width_100 vc_sep_pos_align_center vc_separator_no_text vc_sep_color_grey\" ><span class=\"vc_sep_holder vc_sep_holder_l\"><span  class=\"vc_sep_line\"><\/span><\/span><span class=\"vc_sep_holder vc_sep_holder_r\"><span  class=\"vc_sep_line\"><\/span><\/span>\n<\/div><div class=\"vc_custom_heading previewarticle vc_gitem-post-data vc_gitem-post-data-source-post_excerpt\" ><p style=\"text-align: left\" ><a href=\"http:\/\/tissuetales.net\/fr\/100-metres-of-pioneering-work-how-kokodunda-found-its-way-to-berlin\/\" class=\"vc_gitem-link\" title=\"100 metres of pioneering work: How Kokodunda found its way to Berlin\"><p>&nbsp; &#8212;-Scroll down to read the German and French version&#8212;- In the summer of 2024, something unprecedented was created in Ouagadougou, the capital of Burkina Faso: 100 metres of hand-batiked Kokodunda, developed for the Berlin fashion brand Kaya and the planned Elements collection, were to be dyed in four patterns: Air, Fire, Earth and Water. [&hellip;]<\/p>\n<\/a><\/p><\/div><div class=\"vc_btn3-container  buttonarticle vc_btn3-inline\"><a style=\"background-color:#e0a52c; color:#ffffff;\" class=\"vc_general vc_btn3 vc_btn3-size-md vc_btn3-shape-rounded vc_btn3-style-custom\" a href=\"http:\/\/tissuetales.net\/fr\/100-metres-of-pioneering-work-how-kokodunda-found-its-way-to-berlin\/\" class=\"vc_gitem-link vc_general vc_btn3 vc_general vc_btn3 vc_btn3-size-md vc_btn3-shape-rounded vc_btn3-style-custom buttonarticle\" title=\"Mehr lesen\">Mehr lesen<\/a><\/div><\/div><\/div><\/div><\/div><\/div><div class=\"vc_clearfix\"><\/div><\/div><div class=\"vc_grid-item vc_clearfix vc_col-sm-6 vc_grid-item-zone-c-bottom\"><div class=\"vc_grid-item-mini vc_clearfix \"><div class=\"vc_gitem-animated-block\" ><div class=\"vc_gitem-zone vc_gitem-zone-a postimgrounded vc-gitem-zone-height-mode-auto vc-gitem-zone-height-mode-auto-1-1 vc_gitem-is-link\" style=\"background-image: url('https:\/\/tissuetales.net\/wp-content\/uploads\/2025\/10\/FdF_rosenholz_schwarz-klein.jpg') !important;\"><a href=\"http:\/\/tissuetales.net\/fr\/the-language-of-fabrics-where-my-passion-begins\/\" title=\"The language of fabrics \u2013 where my passion begins\" class=\"vc_gitem-link vc-zone-link\" ><\/a><img decoding=\"async\" src=\"https:\/\/tissuetales.net\/wp-content\/uploads\/2025\/10\/FdF_rosenholz_schwarz-klein.jpg\" class=\"vc_gitem-zone-img\" alt=\"Handgewebter Stoff in Ros\u00e9- und Schwarzt\u00f6nen auf einem traditionellen Webstuhl. Die Streifen verlaufen l\u00e4ngs und quer, wodurch ein dezentes Karomuster entsteht. Im Vordergrund ist der Webprozess zu sehen, bei dem der Stoff St\u00fcck f\u00fcr St\u00fcck entsteht, w\u00e4hrend Sonnenlicht die Farben warm hervorhebt.\"><div class=\"vc_gitem-zone-mini\"><\/div><\/div><\/div><div class=\"vc_gitem-zone vc_gitem-zone-c postpreviewrounded vc_custom_1657229489674\"><div class=\"vc_gitem-zone-mini\"><div class=\"vc_gitem_row vc_row vc_gitem-row-position-top\"><div class=\"vc_col-sm-12 previewarticlebloc vc_gitem-col vc_gitem-col-align- vc_custom_1657540730035\"><div class=\"vc_custom_heading vc_gitem-post-data vc_gitem-post-data-source-post_title\" ><h4 style=\"text-align: left;font-family:Quicksand;font-weight:700;font-style:normal\" ><a href=\"http:\/\/tissuetales.net\/fr\/the-language-of-fabrics-where-my-passion-begins\/\" class=\"vc_gitem-link\" title=\"The language of fabrics \u2013 where my passion begins\">The language of fabrics \u2013 where my passion begins<\/a><\/h4><\/div><div class=\"vc_separator wpb_content_element vc_separator_align_center vc_sep_width_100 vc_sep_pos_align_center vc_separator_no_text vc_sep_color_grey\" ><span class=\"vc_sep_holder vc_sep_holder_l\"><span  class=\"vc_sep_line\"><\/span><\/span><span class=\"vc_sep_holder vc_sep_holder_r\"><span  class=\"vc_sep_line\"><\/span><\/span>\n<\/div><div class=\"vc_custom_heading previewarticle vc_gitem-post-data vc_gitem-post-data-source-post_excerpt\" ><p style=\"text-align: left\" ><a href=\"http:\/\/tissuetales.net\/fr\/the-language-of-fabrics-where-my-passion-begins\/\" class=\"vc_gitem-link\" title=\"The language of fabrics \u2013 where my passion begins\"><p>&nbsp; &#8212;-Scroll down to read the German and French version&#8212;- Fabrics, patterns, surfaces, textures and colours captivate me. Dazzling jacquard, light and airy voile, honest cotton transport me to another world, my inner world. Between threads and colours I grew up with fabrics. With colourful patterned lengths that glided like waves across my grandmother&#8217;s sewing [&hellip;]<\/p>\n<\/a><\/p><\/div><div class=\"vc_btn3-container  buttonarticle vc_btn3-inline\"><a style=\"background-color:#e0a52c; color:#ffffff;\" class=\"vc_general vc_btn3 vc_btn3-size-md vc_btn3-shape-rounded vc_btn3-style-custom\" a href=\"http:\/\/tissuetales.net\/fr\/the-language-of-fabrics-where-my-passion-begins\/\" class=\"vc_gitem-link vc_general vc_btn3 vc_general vc_btn3 vc_btn3-size-md vc_btn3-shape-rounded vc_btn3-style-custom buttonarticle\" title=\"Mehr lesen\">Mehr lesen<\/a><\/div><\/div><\/div><\/div><\/div><\/div><div class=\"vc_clearfix\"><\/div><\/div><\/div><div data-lazy-loading-btn=\"true\" style=\"display: none;\"><a href=\"http:\/\/tissuetales.net\/fr\/stoffgeschichten\/\"><\/a><\/div><\/div>\n\t<\/div>\n<\/div><div class=\"vc_empty_space  circleblue2\"   style=\"height: 5.625em\"><span class=\"vc_empty_space_inner\"><\/span><\/div><\/div><\/div><\/div><\/div><\/section>\n<p>&nbsp;<\/p>\n<p>&nbsp;<\/p>\n","protected":false},"excerpt":{"rendered":"<p>&nbsp; &nbsp;<\/p>","protected":false},"author":1,"featured_media":0,"parent":0,"menu_order":0,"comment_status":"closed","ping_status":"closed","template":"page-full-width.php","meta":{"footnotes":""},"class_list":["post-360","page","type-page","status-publish","hentry"],"_links":{"self":[{"href":"http:\/\/tissuetales.net\/fr\/wp-json\/wp\/v2\/pages\/360","targetHints":{"allow":["GET"]}}],"collection":[{"href":"http:\/\/tissuetales.net\/fr\/wp-json\/wp\/v2\/pages"}],"about":[{"href":"http:\/\/tissuetales.net\/fr\/wp-json\/wp\/v2\/types\/page"}],"author":[{"embeddable":true,"href":"http:\/\/tissuetales.net\/fr\/wp-json\/wp\/v2\/users\/1"}],"replies":[{"embeddable":true,"href":"http:\/\/tissuetales.net\/fr\/wp-json\/wp\/v2\/comments?post=360"}],"version-history":[{"count":6,"href":"http:\/\/tissuetales.net\/fr\/wp-json\/wp\/v2\/pages\/360\/revisions"}],"predecessor-version":[{"id":3504,"href":"http:\/\/tissuetales.net\/fr\/wp-json\/wp\/v2\/pages\/360\/revisions\/3504"}],"wp:attachment":[{"href":"http:\/\/tissuetales.net\/fr\/wp-json\/wp\/v2\/media?parent=360"}],"curies":[{"name":"wp","href":"https:\/\/api.w.org\/{rel}","templated":true}]}}