{"id":405,"date":"2022-07-02T15:14:19","date_gmt":"2022-07-02T13:14:19","guid":{"rendered":"http:\/\/tissuetales.net\/?page_id=405"},"modified":"2022-08-16T21:45:05","modified_gmt":"2022-08-16T19:45:05","slug":"ueber-mich","status":"publish","type":"page","link":"http:\/\/tissuetales.net\/fr\/ueber-mich\/","title":{"rendered":"\u00dcber mich"},"content":{"rendered":"<section class=\"vc_section vc_custom_1657205069533 vc_section-has-fill\"><div data-vc-full-width=\"true\" data-vc-full-width-init=\"false\" data-vc-stretch-content=\"true\" class=\"vc_row wpb_row vc_row-fluid coverimg vc_custom_1657205092139 vc_row-has-fill vc_row-o-full-height vc_row-o-columns-middle vc_row-flex\"><div class=\"roundedcorners wpb_column vc_column_container vc_col-sm-5\"><div class=\"vc_column-inner\"><div class=\"wpb_wrapper\">\n\t<div class=\"wpb_text_column wpb_content_element\" >\n\t\t<div class=\"wpb_wrapper\">\n\t\t\t<h3>Das macht mich aus:<\/h3>\n\n\t\t<\/div>\n\t<\/div>\n\n\t<div class=\"wpb_text_column wpb_content_element\" >\n\t\t<div class=\"wpb_wrapper\">\n\t\t\t<p class=\"p1\">Als Texterin mache ich Kulturen verst\u00e4ndlich, als Designerin mit Mode sicht- und tragbar. An den Stellen, wo sich unterschiedliche Lebensstile offen begegnen und wom\u00f6glich verbinden, entsteht die Chance auf innere und \u00e4u\u00dfere Ver\u00e4nderung \u2013 das ist f\u00fcr mich Sinn!<\/p>\n\n\t\t<\/div>\n\t<\/div>\n<\/div><\/div><\/div><div class=\"wpb_column vc_column_container vc_col-sm-6\"><div class=\"vc_column-inner\"><div class=\"wpb_wrapper\"><\/div><\/div><\/div><\/div><div class=\"vc_row-full-width vc_clearfix\"><\/div><\/section><section class=\"vc_section vc_custom_1657205506441\"><div class=\"vc_row wpb_row vc_row-fluid\"><div class=\"wpb_column vc_column_container vc_col-sm-5\"><div class=\"vc_column-inner\"><div class=\"wpb_wrapper\">\n\t<div  class=\"wpb_single_image wpb_content_element vc_align_left\">\n\t\t\n\t\t<figure class=\"wpb_wrapper vc_figure\">\n\t\t\t<div class=\"vc_single_image-wrapper   vc_box_border_grey\"><img loading=\"lazy\" decoding=\"async\" width=\"768\" height=\"1024\" src=\"https:\/\/tissuetales.net\/wp-content\/uploads\/2022\/07\/Ueber_mich_Ensemble_Micheline-768x1024.jpg\" class=\"vc_single_image-img attachment-large\" alt=\"\" title=\"Ueber_mich_Ensemble_Micheline\" srcset=\"https:\/\/tissuetales.net\/wp-content\/uploads\/2022\/07\/Ueber_mich_Ensemble_Micheline-768x1024.jpg 768w, https:\/\/tissuetales.net\/wp-content\/uploads\/2022\/07\/Ueber_mich_Ensemble_Micheline-scaled-700x933.jpg 700w, https:\/\/tissuetales.net\/wp-content\/uploads\/2022\/07\/Ueber_mich_Ensemble_Micheline-225x300.jpg 225w, https:\/\/tissuetales.net\/wp-content\/uploads\/2022\/07\/Ueber_mich_Ensemble_Micheline-1152x1536.jpg 1152w, https:\/\/tissuetales.net\/wp-content\/uploads\/2022\/07\/Ueber_mich_Ensemble_Micheline-1536x2048.jpg 1536w, https:\/\/tissuetales.net\/wp-content\/uploads\/2022\/07\/Ueber_mich_Ensemble_Micheline-scaled.jpg 1920w\" sizes=\"auto, (max-width: 768px) 100vw, 768px\" \/><\/div><figcaption class=\"vc_figure-caption\">Tanja Diallo<\/figcaption>\n\t\t<\/figure>\n\t<\/div>\n<\/div><\/div><\/div><div class=\"wpb_column vc_column_container vc_col-sm-7\"><div class=\"vc_column-inner vc_custom_1657205335792\"><div class=\"wpb_wrapper\">\n\t<div class=\"wpb_text_column wpb_content_element\" >\n\t\t<div class=\"wpb_wrapper\">\n\t\t\t<p class=\"p1\" style=\"text-align: left;\"><b>Kreative Leidenschaft: <\/b><\/p>\n<p class=\"p4\" style=\"text-align: left;\">+40 Jahre N\u00e4hpraxis (Schnittentwicklung, 2D und Draping), Kollektionsdesign<\/p>\n<p class=\"p1\" style=\"text-align: left;\"><b>Pers\u00f6nliche Erfahrungen:<\/b><\/p>\n<p class=\"p5\" style=\"text-align: left;\">+30 Jahre Leben in einer afro-europ\u00e4ischen Verbindung mit zwei wunderbaren T\u00f6chtern<\/p>\n<p class=\"p1\"><b>Beruf:<\/b><\/p>\n<p class=\"p5\">+25 Jahre Redakteurin und Kommunikationsberaterin (PR, Marketing, Event, Kampagnen, Strategie)<\/p>\n<p class=\"p7\"><b>Ausbildungen:<\/b><\/p>\n<ul>\n<li class=\"p7\">Studium Anglistik, Romanistik, Betriebswirtschaftslehre<\/li>\n<li class=\"p7\">Journalistin in Presse- und \u00d6ffentlichkeitsarbeit<\/li>\n<li class=\"p7\">Fitness-Trainerin<\/li>\n<\/ul>\n\n\t\t<\/div>\n\t<\/div>\n<\/div><\/div><\/div><\/div><div class=\"vc_row wpb_row vc_row-fluid\"><div class=\"wpb_column vc_column_container vc_col-sm-12\"><div class=\"vc_column-inner\"><div class=\"wpb_wrapper\">\n\t<div class=\"wpb_text_column wpb_content_element\" >\n\t\t<div class=\"wpb_wrapper\">\n\t\t\t<h4 class=\"p1\" style=\"text-align: left;\"><b>Ethnische Mode nach Euren W\u00fcnschen und Ma\u00dfen<\/b><\/h4>\n<p class=\"p3\" style=\"text-align: justify;\">Die Farbenpracht der Kleidung der afrikanischen Kulturen, die Vielfalt der Stoffe und Texturen inspirieren mich zu einzigartigen Modellen. Die unterschiedlichen Prozessschritte vom Baumwollanbau \u00fcber das Spinnen der F\u00e4den, das Weben, F\u00e4rben oder Batiken bestimmen Design und Schnittf\u00fchrung und sie erz\u00e4hlen ganz besondere Slow Fashion-Geschichten.<span class=\"Apple-converted-space\">\u00a0 <\/span>Diese \u201etissue tales\u201c \u2013 tissue ist englisch und franz\u00f6sisch f\u00fcr Gewebe oder Stoff, tales steht im Englischen f\u00fcr Geschichten oder Erz\u00e4hlungen \u2013 verbinde ich mit Euren Vorstellungen von \u00c4sthetik zu ma\u00dfgeschneiderten Unikaten. Den Ma\u00dfschnitt habe ich in seinen unterschiedlichen Auspr\u00e4gungen in Westafrika kennen- und sch\u00e4tzen gelernt. Mit einfachsten Mitteln werden dort passgenaue Modelle mit Ma\u00dfen und einem Foto aus einem Modemagazin oder dem Internet geschneidert. Dieses Produktionskonzept ist der Kern des Labels Diallo tissue tales: Ma\u00dfgeschneiderte Einzelst\u00fccke aus afrikanischen Stoffen mit \u00e4sthetischem Anspruch und in hoher Qualit\u00e4t. Da ich die fertigen Modelle im Dialog mit Euch entwickle, seid Ihr in den Entstehungsprozess Eures neuen Kleidungsst\u00fccks ganz pers\u00f6nlich involviert.<\/p>\n\n\t\t<\/div>\n\t<\/div>\n<\/div><\/div><\/div><\/div><div class=\"vc_row wpb_row vc_row-fluid\"><div class=\"wpb_column vc_column_container vc_col-sm-12\"><div class=\"vc_column-inner\"><div class=\"wpb_wrapper\">\n\t<div class=\"wpb_text_column wpb_content_element\" >\n\t\t<div class=\"wpb_wrapper\">\n\t\t\t<h4 class=\"p1\" style=\"text-align: left;\"><b>N\u00e4hen als \u00dcberlebensstrategie<\/b><\/h4>\n<p class=\"p1\" style=\"text-align: justify;\">Meine Oma Hilde musste 1945 mit vier Kindern und einem Bollerwagen aus ihrer Heimat Erfurt fliehen. Im Lager Friedland starb ihr j\u00fcngster Sohn mit nur eineinhalb Jahren tragischerweise an Hirnhautentz\u00fcndung. Die traumatisierte Familie fand in der N\u00e4he von Hannover eine neue Heimat und lebte von dem, was Hilde auf einem Kartoffelacker fand und gegen Lebensmittel eintauschen konnte. Und sie n\u00e4hte nat\u00fcrlich auch die Kleidung f\u00fcr die ganze Familie, da es keine zu kaufen gab. Ich erinnere mich, dass meine Mutter sp\u00e4ter f\u00fcr mich gerne ihre selbst geschneiderten Kleider in meiner Kindergr\u00f6\u00dfe nachn\u00e4hte. Wenn wir im Partner-Look das Haus verlie\u00dfen, machte mich das sehr stolz und gl\u00fccklich!<\/p>\n\n\t\t<\/div>\n\t<\/div>\n<\/div><\/div><\/div><\/div><div class=\"vc_row wpb_row vc_row-fluid\"><div class=\"wpb_column vc_column_container vc_col-sm-12\"><div class=\"vc_column-inner\"><div class=\"wpb_wrapper\">\n\t<div class=\"wpb_text_column wpb_content_element\" >\n\t\t<div class=\"wpb_wrapper\">\n\t\t\t<h4 class=\"p2\" style=\"text-align: left;\"><b>Mode Upcycling in den achtziger Jahren<\/b><\/h4>\n<p class=\"p2\" style=\"text-align: justify;\">Als Jugendliche fing ich an, mir die N\u00e4hmaschine zu erobern. Um das Taschengeldbudget nicht zu strapazieren, nahm ich alte Bettlaken, f\u00e4rbte sie ein, und machte erste Erfahrungen mit dem Batiken \u2013 sehr zum \u00c4rger meiner Mutter, da die<span class=\"Apple-converted-space\">\u00a0 <\/span>Waschmaschine die Farbe ungewollt an die Familienw\u00e4sche abgab. Ich n\u00e4hte R\u00f6cke, Hosen und schlie\u00dflich auch mein Kleid f\u00fcr den Schulabschlussball. Meine erste Lederjacke entstand aus den Resten eines Couchbezugs. Da die N\u00e4hmaschine vor dem dicken Leder kapitulierte, stanzte ich mit der Lochzange mehrere Hundert L\u00f6cher, bis ich Blasen an den H\u00e4nden hatte, und verband alle Schnitteile mit Lederband zu einer einzigartigen, \u00fcberall bewunderten Kreation. Als Autodidaktin arbeitete ich zun\u00e4chst mit fertigen Schnitten. Heute geh\u00f6ren eigene Schnittentwicklung, Draping, Ma\u00dfschnitt und Entwurf zu meinem Repertoire.<\/p>\n<p class=\"p1\" style=\"text-align: justify;\">Nach meinem Abitur wollte ich unbedingt beruflich im Modebereich mit einer Schneiderlehre durchstarten. Leider hatte mein Vater andere Pl\u00e4ne und dr\u00e4ngte mich zu einer akademischen Laufbahn, die er f\u00fcr aussichtsreicher und standesgem\u00e4\u00dfer hielt. W\u00e4hrend meines Anglistik- und Romanistik-Studiums entdeckte ich mein Talent f\u00fcr Sprachen, das Interesse\u00a0 f\u00fcr\u00a0 Kulturen und entwickelte mit dem Pflichtfach Betriebswirtschaftslehre meine unternehmerischen F\u00e4higkeiten. Und ich lernte meinen sp\u00e4teren Ehemann und sein Heimatland Burkina Faso kennen und lieben!<\/p>\n\n\t\t<\/div>\n\t<\/div>\n<\/div><\/div><\/div><\/div><div class=\"vc_row wpb_row vc_row-fluid\"><div class=\"wpb_column vc_column_container vc_col-sm-6\"><div class=\"vc_column-inner\"><div class=\"wpb_wrapper\">\n\t<div class=\"wpb_text_column wpb_content_element\" >\n\t\t<div class=\"wpb_wrapper\">\n\t\t\t<h4 class=\"p1\" style=\"text-align: left;\"><b>Multikulturelles F\u00fcr und Wider <\/b><\/h4>\n<p class=\"p3\" style=\"text-align: justify;\">Auf unseren vielen Reisen nach Burkina Faso, das bedeutet \u00fcbersetzt \u201eDas Land der Unbestechlichen\u201c, wurde ich so freundlich, herzlich und ohne Vorurteile von der Familie meine Mannes aufgenommen, dass es mich zun\u00e4chst sehr besch\u00e4mte. Aus Europa war ich leider Anderes gewohnt: Nach unserer Hochzeit erfuhren mein Mann und ich vor allem von meinem Vater Ablehnung. Ich hatte bis zur Geburt unserer Kinder acht Jahre fast keinen Kontakt zu meinen Eltern. So erfuhr ich einerseits, welches Leid entstehen kann, wenn verschiedene Parteien verschlossen und mit Vorurteilen behaftet in ihrer bekannten kulturellen Komfortzone ausharren. Aber auch, welche Freude und wertvolle Verbindungen durch Offenheit und Neugier zwischen Kulturen entstehen k\u00f6nnen. Ich bin sehr stolz auf meine beiden wunderbaren T\u00f6chter, die inzwischen ihre Wege mit afrikanischen und europ\u00e4ischen Wurzeln in der Welt finden.<\/p>\n\n\t\t<\/div>\n\t<\/div>\n<\/div><\/div><\/div><div class=\"wpb_column vc_column_container vc_col-sm-6\"><div class=\"vc_column-inner\"><div class=\"wpb_wrapper\">\n\t<div  class=\"wpb_single_image wpb_content_element vc_align_right\">\n\t\t\n\t\t<figure class=\"wpb_wrapper vc_figure\">\n\t\t\t<div class=\"vc_single_image-wrapper   vc_box_border_grey\"><img loading=\"lazy\" decoding=\"async\" width=\"1390\" height=\"1045\" src=\"https:\/\/tissuetales.net\/wp-content\/uploads\/2022\/07\/Ueber_mich_Lac_du_Tingre\u0301la.jpg\" class=\"vc_single_image-img attachment-full\" alt=\"\" title=\"Ueber_mich_Lac_du_Tingre\u0301la\" srcset=\"https:\/\/tissuetales.net\/wp-content\/uploads\/2022\/07\/Ueber_mich_Lac_du_Tingre\u0301la.jpg 1390w, https:\/\/tissuetales.net\/wp-content\/uploads\/2022\/07\/Ueber_mich_Lac_du_Tingre\u0301la-700x526.jpg 700w, https:\/\/tissuetales.net\/wp-content\/uploads\/2022\/07\/Ueber_mich_Lac_du_Tingre\u0301la-300x226.jpg 300w, https:\/\/tissuetales.net\/wp-content\/uploads\/2022\/07\/Ueber_mich_Lac_du_Tingre\u0301la-1024x770.jpg 1024w, https:\/\/tissuetales.net\/wp-content\/uploads\/2022\/07\/Ueber_mich_Lac_du_Tingre\u0301la-768x577.jpg 768w\" sizes=\"auto, (max-width: 1390px) 100vw, 1390px\" \/><\/div><figcaption class=\"vc_figure-caption\">Lac du Tingr\u00e9la, Burkina Faso 2001.<\/figcaption>\n\t\t<\/figure>\n\t<\/div>\n<\/div><\/div><\/div><\/div><div class=\"vc_row wpb_row vc_row-fluid\"><div class=\"wpb_column vc_column_container vc_col-sm-12\"><div class=\"vc_column-inner\"><div class=\"wpb_wrapper\">\n\t<div class=\"wpb_text_column wpb_content_element\" >\n\t\t<div class=\"wpb_wrapper\">\n\t\t\t<p class=\"p1\" style=\"text-align: justify;\">In Burkina Faso und der Elfenbeink\u00fcste traf ich auf sehr warmherzige Menschen und eine gro\u00dfe Offenheit gegen\u00fcber unterschiedlichen Kulturen und Religionen: In Burkina Faso herrscht der islamische Glaube vor, Christen bilden eine Minderheit. Vom Miteinander der Konfessionen dort k\u00f6nnen wir auf der Nordhalbkugel einiges lernen. Ob zu Weihnachten oder zu Tabaski (Opferfest), Moslem:innen und Christ:innen laden sich gerne gegenseitig zu ihren Festen ein und feiern gemeinsam.<\/p>\n<p class=\"p1\" style=\"text-align: justify;\">Kurz, in den vergangenen 30 Jahren habe ich die Kultur und die Menschen in Burkina Faso, der Elfenbeink\u00fcste, Benin und Senegal ein st\u00fcckweit kennenlernen d\u00fcrfen. Heute verweben sich unsch\u00e4tzbar wertvolle Erlebnisse und Begegnungen mit meinen Erfahrungen zum Herzensprojekt \u201eDiallo tissue tales\u201c. Ich freue mich, wenn Ihr ausprobiert, wie sich <a href=\"http:\/\/tissuetales.net\/fr\/kollektionen\/\">ma\u00dfgeschneiderte Kultur<\/a> auf Eurer Haut anf\u00fchlt!<\/p>\n\n\t\t<\/div>\n\t<\/div>\n<\/div><\/div><\/div><\/div><\/section>","protected":false},"excerpt":{"rendered":"Das macht mich aus: Als Texterin mache ich Kulturen verst\u00e4ndlich, als Designerin mit Mode sicht- und tragbar. An den Stellen, wo sich unterschiedliche Lebensstile offen begegnen und wom\u00f6glich verbinden, entsteht die Chance auf innere und \u00e4u\u00dfere Ver\u00e4nderung \u2013 das ist f\u00fcr mich Sinn! Tanja Diallo Kreative Leidenschaft: +40 Jahre N\u00e4hpraxis (Schnittentwicklung, 2D und Draping), Kollektionsdesign [...]","protected":false},"author":1,"featured_media":0,"parent":0,"menu_order":0,"comment_status":"closed","ping_status":"closed","template":"page-full-width.php","meta":{"footnotes":""},"class_list":["post-405","page","type-page","status-publish","hentry"],"_links":{"self":[{"href":"http:\/\/tissuetales.net\/fr\/wp-json\/wp\/v2\/pages\/405","targetHints":{"allow":["GET"]}}],"collection":[{"href":"http:\/\/tissuetales.net\/fr\/wp-json\/wp\/v2\/pages"}],"about":[{"href":"http:\/\/tissuetales.net\/fr\/wp-json\/wp\/v2\/types\/page"}],"author":[{"embeddable":true,"href":"http:\/\/tissuetales.net\/fr\/wp-json\/wp\/v2\/users\/1"}],"replies":[{"embeddable":true,"href":"http:\/\/tissuetales.net\/fr\/wp-json\/wp\/v2\/comments?post=405"}],"version-history":[{"count":0,"href":"http:\/\/tissuetales.net\/fr\/wp-json\/wp\/v2\/pages\/405\/revisions"}],"wp:attachment":[{"href":"http:\/\/tissuetales.net\/fr\/wp-json\/wp\/v2\/media?parent=405"}],"curies":[{"name":"wp","href":"https:\/\/api.w.org\/{rel}","templated":true}]}}