{"id":2688,"date":"2023-03-30T15:05:42","date_gmt":"2023-03-30T13:05:42","guid":{"rendered":"https:\/\/tissuetales.net\/?post_type=product&#038;p=2688"},"modified":"2023-05-03T22:37:57","modified_gmt":"2023-05-03T20:37:57","slug":"gehrock-yellow-mask","status":"publish","type":"product","link":"http:\/\/tissuetales.net\/fr\/shop\/gehrock-yellow-mask\/","title":{"rendered":"Gehrock Yellow Mask"},"content":{"rendered":"<p>Der Schnitt f\u00fcr den besonderen Gehrock &#8222;Yellow Mask&#8220; ist einem Modell von Alexander McQueen nachempfunden, das direkt an der Schneiderb\u00fcste mittels Draping-Technik w\u00e4hrend eines Workshops mit der Designerin <a href=\"https:\/\/www.intothelight.de\/about\/\">Christine Mayer<\/a> in Frankreich entstanden ist. Die Jacke ist komplett mit cremfarbigen Baumwollsatin gef\u00fcttert und l\u00e4sst sich mit zwei recycelten B\u00e4ndern, die einst zu einer burkinischen Tunika geh\u00f6rten, schlie\u00dfen. \u00c4rmelenden, Kragen und Revers sind aus Gesichtsmasken mit Logodruck zusammen gesetzt. Vorder- und R\u00fcckenteil der Jacke wurden aus gelbem Faso dan Fani in der Kontrastfarbe gelb kombiniert. Die Gr\u00f6\u00dfe des Gehrocks ist eine 40. Das ganz besondere Teil hat unter einem \u00c4rmel noch Vintage-Verst\u00e4rkung in Form von wei\u00dfen Stopfstichen erhalten.<\/p>\n<p>Schultern: 42 cm<br \/>\nTaille: 88 cm<br \/>\nArml\u00e4nge: 60 cm<br \/>\nvordere L\u00e4nge: 74 cm<br \/>\nr\u00fcckw\u00e4rtige L\u00e4nge: 70 cm<\/p>\n<p>Tipps zum Massnehmen und eine Gr\u00f6\u00dfentabelle findest Du unter <a href=\"https:\/\/tissuetales.net\/fr\/kulturlabel\/#1680034340603-c4b2630b-92ab\">Kult(ur)label<\/a>.<\/p>\n<p><strong>Material<\/strong><br \/>\nOberstoff: 100 % Braumwolle (handgewebter Faso dan Fani)<br \/>\nFutterstoff: 100 % Baumwollsatin<br \/>\nStickerei: 30 % Wolle, 70 % Polyacryl<\/p>\n<p>Du hast generelle Fragen zur <strong>Bestellung<\/strong>, <strong>Bezahlung<\/strong>, <strong>Verpackung<\/strong>, <strong>Versand<\/strong>, <strong>Lieferung<\/strong>, <strong>Retouren<\/strong> und <strong>Stornierungen<\/strong>? Antworten findest Du unter <a href=\"https:\/\/tissuetales.net\/fr\/fragen-antworten\/\">Service FAQ<\/a>.<\/p>\n<p><strong>Versandkosten<\/strong><br \/>\nDeutschland: 4,90\u20ac<br \/>\nEU: 6,50\u20ac<br \/>\nSchweiz: 9,90\u20ac<br \/>\n\u00d6sterreich: 8,90\u20ac<\/p>\n<p><strong>Pflegehinweise: So hast Du lange etwas von den handgefertigten Einzelteilen<br \/>\n<\/strong><\/p>\n<p>Wir verwenden \u00fcberwiegend in Burkina Faso handgewebte Stoffe, farbechte Baumwolldrucke aus Westafrika, den Niederlanden und Indien sowie Naturgarne wie Baumwolle, Seide, Wolle und Leinen. Durch die Handarbeit erh\u00e4lt jede Stoffbahn einen einzigartigen Charakter. Farben, Druck- und Webqualit\u00e4t k\u00f6nnen leicht abweichen und verleihen dem Material eine besondere Textur. Die Kleidungsst\u00fccke sind empfindlicher als gew\u00f6hnliche Konfektionsware von Fast-Fashion-Anbietern, der oft Kunstfasern beigemischt werden, um sie pflegeleicht und trageangenehm zu machen. Wir empfehlen die handgefertigten und ma\u00dfgeschneiderten Teile von Diallo tissue tales sehr sorgf\u00e4ltig zu behandeln, um ihre Farben zu bewahren und eine Besch\u00e4digung der Stoffe und Strickware zu vermeiden.<\/p>\n<p><strong>Waschen<\/strong><\/p>\n<p>Der Gehrock kann mit bis zu 30 Grad Feinw\u00e4sche gewaschen werden. Bestickte und handgestrickte Modelle m\u00fcssen vorsichtig und ohne gro\u00dfes Rubbeln mit der Hand oder im Handwaschgang der Waschmaschine gewaschen werden. Strickteile sollten nach dem Waschen liegend auf einem Handtuch in Form gezogen und getrocknet werden. Rei\u00dfverschl\u00fcsse sollten vor dem Waschen geschlossen werden. Damit die sichtbare Seite l\u00e4nger wie neu bleibt, sollten die Kleidungsst\u00fccke vor der W\u00e4sche auf links gezogen werden.Die Kleidungsst\u00fccke und Accessoires weder bleichen noch einweichen oder mit Weichsp\u00fcler behandeln.<\/p>\n<p><strong>B\u00fcgeln<\/strong><\/p>\n<p>Drehe die Accessoires oder Kleidungsst\u00fccke auf links und b\u00fcgele sie bei niedriger Temperatur. Strickteile von links eventuell mit einem feuchten K\u00fcchentuch vorsichtig d\u00e4mpfen, mit dem Eisen nicht zu fest auf das Gestrickte aufdr\u00fccken.<\/p>\n<p>Solltest Du weitere Fragen zur Pflege Deiner Modelle haben, schreibe uns eine kurze Mail unter <a href=\"https:\/\/tissuetales.net\/fr\/kontakt\/\">Kontakt<\/a>.<\/p>\n<p>&nbsp;<\/p>\n<p>&nbsp;<\/p>","protected":false},"excerpt":{"rendered":"<p>Ein echtes Statement-Piece: \u00c4rmel, Kragen und Revers sind aus Gesichtsmasken gefertigt, der Jackenk\u00f6rper leuchtet in gelbem Faso dan Fani mit tollen afrikanischen Stickmotiven. Das extravagant geschnittene Sch\u00f6sschen sorgt f\u00fcr Schwung und Aufsehen.<\/p>\n<p>&nbsp;<\/p>","protected":false},"featured_media":2689,"template":"","meta":[],"product_brand":[],"product_cat":[15,98],"product_tag":[24,76,26,75,74,27,30,73],"class_list":{"0":"post-2688","1":"product","2":"type-product","3":"status-publish","4":"has-post-thumbnail","6":"product_cat-alle-produkte","7":"product_cat-jacken-und-maentel","8":"product_tag-faso-dan-fani","9":"product_tag-gehrock","10":"product_tag-gelb","11":"product_tag-patchwork","12":"product_tag-recycling","13":"product_tag-schwarz","14":"product_tag-waxprint","15":"product_tag-weiss","17":"first","18":"instock","19":"sold-individually","20":"shipping-taxable","21":"purchasable","22":"product-type-simple"},"_links":{"self":[{"href":"http:\/\/tissuetales.net\/fr\/wp-json\/wp\/v2\/product\/2688","targetHints":{"allow":["GET"]}}],"collection":[{"href":"http:\/\/tissuetales.net\/fr\/wp-json\/wp\/v2\/product"}],"about":[{"href":"http:\/\/tissuetales.net\/fr\/wp-json\/wp\/v2\/types\/product"}],"wp:featuredmedia":[{"embeddable":true,"href":"http:\/\/tissuetales.net\/fr\/wp-json\/wp\/v2\/media\/2689"}],"wp:attachment":[{"href":"http:\/\/tissuetales.net\/fr\/wp-json\/wp\/v2\/media?parent=2688"}],"wp:term":[{"taxonomy":"product_brand","embeddable":true,"href":"http:\/\/tissuetales.net\/fr\/wp-json\/wp\/v2\/product_brand?post=2688"},{"taxonomy":"product_cat","embeddable":true,"href":"http:\/\/tissuetales.net\/fr\/wp-json\/wp\/v2\/product_cat?post=2688"},{"taxonomy":"product_tag","embeddable":true,"href":"http:\/\/tissuetales.net\/fr\/wp-json\/wp\/v2\/product_tag?post=2688"}],"curies":[{"name":"wp","href":"https:\/\/api.w.org\/{rel}","templated":true}]}}