{"id":2700,"date":"2023-03-31T12:56:20","date_gmt":"2023-03-31T10:56:20","guid":{"rendered":"https:\/\/tissuetales.net\/?post_type=product&#038;p=2700"},"modified":"2023-05-03T22:34:10","modified_gmt":"2023-05-03T20:34:10","slug":"jumper-native-cotton","status":"publish","type":"product","link":"http:\/\/tissuetales.net\/fr\/shop\/jumper-native-cotton\/","title":{"rendered":"Jumper Native Cotton"},"content":{"rendered":"<p>Der Jumper &#8222;Native Cotton&#8220; macht reine Baumwolle in ihrer puren und unbehandelten f\u00fcr Dich tragbar. Ich habe das Material bei Franceline, der Pr\u00e4sidentin des Vereins &#8222;Vie Meilleure&#8220; gefunden. Lies dazu gerne meinen Blogbeitrag <a href=\"https:\/\/tissuetales.net\/fr\/weaving-for-a-better-life\/\">&#8222;Weave for a better life&#8220;<\/a>. Mit ganz d\u00fcnnen Nadeln habe ich in Bobo Dioulasso diesen ersten Pullover aus sehr feiner Baumwolle gestrickt. Der Pulli hat einen weite, gerade Form und passt von Gr\u00f6sse M bis L. Die B\u00fcndchen an den \u00c4rmeln und am Bund fangen die Weite mit Gummif\u00e4den ein. Das Modell muss mit der Hand gewaschen und dann auf dem W\u00e4schest\u00e4nder oder auf einem Handtuch zum Trocknen ausgebreitet und in Form gezogen werden.<\/p>\n<p>Schultern: 71 cm (\u00fcberschnitten)<br \/>\nL\u00e4nge: 60 cm<br \/>\n\u00c4rmell\u00e4nge: 46 cm<\/p>\n<p>Tipps zum Massnehmen und eine Gr\u00f6\u00dfentabelle findest Du unter <a href=\"https:\/\/tissuetales.net\/fr\/kulturlabel\/#1680034340603-c4b2630b-92ab\">Kult(ur)label<\/a>.<\/p>\n<p><strong>Material<\/strong><br \/>\n100 % Baumwolle, handgesponnen in Burkina Faso<\/p>\n<p>Du hast generelle Fragen zur <strong>Bestellung<\/strong>, <strong>Bezahlung<\/strong>, <strong>Verpackung<\/strong>, <strong>Versand<\/strong>, <strong>Lieferung<\/strong>, <strong>Retouren<\/strong> und <strong>Stornierungen<\/strong>? Antworten findest Du unter <a href=\"https:\/\/tissuetales.net\/fr\/fragen-antworten\/\">Service FAQ<\/a>.<\/p>\n<p><strong>Versandkosten<\/strong><br \/>\nDeutschland: 4,90\u20ac<br \/>\nEU: 6,50\u20ac<br \/>\nSchweiz: 9,90\u20ac<br \/>\n\u00d6sterreich: 8,90\u20ac<\/p>\n<p><strong>Pflegehinweise: So hast Du lange etwas von den handgefertigten Einzelteilen<br \/>\n<\/strong><\/p>\n<p>Wir verwenden \u00fcberwiegend in Burkina Faso handgewebte Stoffe, farbechte Baumwolldrucke aus Westafrika, den Niederlanden und Indien sowie Naturgarne wie Baumwolle, Seide, Wolle und Leinen. Durch die Handarbeit erh\u00e4lt jede Stoffbahn einen einzigartigen Charakter. Farben, Druck- und Webqualit\u00e4t k\u00f6nnen leicht abweichen und verleihen dem Material eine besondere Textur. Die Kleidungsst\u00fccke sind empfindlicher als gew\u00f6hnliche Konfektionsware von Fast-Fashion-Anbietern, der oft Kunstfasern beigemischt werden, um sie pflegeleicht und trageangenehm zu machen. Wir empfehlen die handgefertigten und ma\u00dfgeschneiderten Teile von Diallo tissue tales sehr sorgf\u00e4ltig zu behandeln, um ihre Farben zu bewahren und eine Besch\u00e4digung der Stoffe und Strickware zu vermeiden.<\/p>\n<p><strong>Waschen<\/strong><\/p>\n<p>Bestickte und handgestrickte Modelle m\u00fcssen vorsichtig und ohne gro\u00dfes Rubbeln mit der Hand oder im Handwaschgang der Waschmaschine gewaschen werden. Strickteile sollten nach dem Waschen liegend auf einem Handtuch in Form gezogen und getrocknet werden. Rei\u00dfverschl\u00fcsse sollten vor dem Waschen geschlossen werden. Damit die sichtbare Seite l\u00e4nger wie neu bleibt, sollten die Kleidungsst\u00fccke vor der W\u00e4sche auf links gezogen werden.Die Kleidungsst\u00fccke und Accessoires weder bleichen noch einweichen oder mit Weichsp\u00fcler behandeln.<\/p>\n<p><strong>B\u00fcgeln<\/strong><\/p>\n<p>Drehe die Accessoires oder Kleidungsst\u00fccke auf links und b\u00fcgele sie bei niedriger Temperatur. Strickteile von links eventuell mit einem feuchten K\u00fcchentuch vorsichtig d\u00e4mpfen, mit dem Eisen nicht zu fest auf das Gestrickte aufdr\u00fccken.<\/p>\n<p>Solltest Du weitere Fragen zur Pflege Deiner Modelle haben, schreibe uns eine kurze Mail unter <a href=\"https:\/\/tissuetales.net\/fr\/kontakt\/\">Kontakt<\/a>.<\/p>\n<p>&nbsp;<\/p>\n<p>&nbsp;<\/p>","protected":false},"excerpt":{"rendered":"<p>Federleicht und luftig wie eine Bluse legt sich der Baumwolljumper um Deinen Oberk\u00f6rper. Ganz nat\u00fcrlich: Der feine Baumwollfasern wurde von Frauen auf dem Land aus burkinischer Baumwolle mit der Hand gesponnen.<\/p>\n<p>&nbsp;<\/p>","protected":false},"featured_media":2706,"template":"","meta":[],"product_brand":[],"product_cat":[15,79,99],"product_tag":[37,82,67,80,42,56,81],"class_list":{"0":"post-2700","1":"product","2":"type-product","3":"status-publish","4":"has-post-thumbnail","6":"product_cat-alle-produkte","7":"product_cat-oberteile","8":"product_cat-strick","9":"product_tag-baumwolle","10":"product_tag-creme","11":"product_tag-jumper","12":"product_tag-made-in-burkina","13":"product_tag-natur","14":"product_tag-pullover","15":"product_tag-strick","17":"first","18":"instock","19":"sold-individually","20":"shipping-taxable","21":"purchasable","22":"product-type-simple"},"_links":{"self":[{"href":"http:\/\/tissuetales.net\/fr\/wp-json\/wp\/v2\/product\/2700","targetHints":{"allow":["GET"]}}],"collection":[{"href":"http:\/\/tissuetales.net\/fr\/wp-json\/wp\/v2\/product"}],"about":[{"href":"http:\/\/tissuetales.net\/fr\/wp-json\/wp\/v2\/types\/product"}],"wp:featuredmedia":[{"embeddable":true,"href":"http:\/\/tissuetales.net\/fr\/wp-json\/wp\/v2\/media\/2706"}],"wp:attachment":[{"href":"http:\/\/tissuetales.net\/fr\/wp-json\/wp\/v2\/media?parent=2700"}],"wp:term":[{"taxonomy":"product_brand","embeddable":true,"href":"http:\/\/tissuetales.net\/fr\/wp-json\/wp\/v2\/product_brand?post=2700"},{"taxonomy":"product_cat","embeddable":true,"href":"http:\/\/tissuetales.net\/fr\/wp-json\/wp\/v2\/product_cat?post=2700"},{"taxonomy":"product_tag","embeddable":true,"href":"http:\/\/tissuetales.net\/fr\/wp-json\/wp\/v2\/product_tag?post=2700"}],"curies":[{"name":"wp","href":"https:\/\/api.w.org\/{rel}","templated":true}]}}