{"id":2885,"date":"2023-06-01T17:21:31","date_gmt":"2023-06-01T15:21:31","guid":{"rendered":"https:\/\/tissuetales.net\/?post_type=product&#038;p=2885"},"modified":"2025-09-01T00:10:00","modified_gmt":"2025-08-31T22:10:00","slug":"bellybag-green-pagne-infini","status":"publish","type":"product","link":"http:\/\/tissuetales.net\/fr\/shop\/bellybag-green-pagne-infini\/","title":{"rendered":"Bellybag Green Pagne Infini"},"content":{"rendered":"<p><span style=\"vertical-align: inherit;\"><span style=\"vertical-align: inherit;\">F\u00fcr die Innenseite der Bellybag haben wir einen sch\u00f6nen bedruckten Pagnestoff in Braun mit unendlich vielen &#8222;Unendlichkeitszeichen&#8220; (der liegenden Acht) in t\u00fcrkis verwendet. Die Innentasche ist aus dem gleichen Stoff gefertigt. Der schwarze Schnappverschluss mit passendem Schieber ver\u00e4ndert die L\u00e4nge des Gurtes aus Waxprint von 97,5 cm auf 56 cm.<\/span><\/span><\/p>\n<p><span style=\"vertical-align: inherit;\"><span style=\"vertical-align: inherit;\">Die Tasche wurde im Atelier von Alima in Burkina Faso gen\u00e4ht. Sie ist ein Prototyp f\u00fcr die erste Serie Bauchtaschen, die die Schneiderlehrlinge des &#8222;Centre Esp\u00e9rance&#8220; in Ouagadougou f\u00fcr die Marke Diallo tissue tales produzieren. 10 Euro des Kaufpreises gehen direkt an R\u00e9gine, die Direktorin des Zentrums. Mit diesem Geld werden zum Beispiel Ausbildungspl\u00e4tze f\u00fcr Fl\u00fcchtlinge aus den grenznahen Regionen Burkina Fasos finanziert, die von Terrorismus und Kriminalit\u00e4t bedroht sind.<br \/>\n<\/span><\/span><\/p>\n<p><strong>Material<\/strong><br \/>\nOberstoff &amp; Futter: 100 % Baumwolle<br \/>\nReissverschluss: Kunststoff und Metall<\/p>\n<p><strong>Ma\u00dfe<\/strong><br \/>\nReissverschluss: 20,5 cm<br \/>\nL\u00e4nge: 31,5 cm<br \/>\nBreite: 15 cm<br \/>\nH\u00f6he: 10 cm<\/p>\n<p><strong>Versandkosten<\/strong><br \/>\nDeutschland: 4,90\u20ac<br \/>\nEU: 6,50\u20ac<br \/>\nSchweiz: 9,90\u20ac<br \/>\n\u00d6sterreich: 8,90\u20ac<\/p>\n<p>Du hast generelle Fragen zur <strong>Bestellung<\/strong>, <strong>Bezahlung<\/strong>, <strong>Verpackung<\/strong>, <strong>Versand<\/strong>, <strong>Lieferung<\/strong>, <strong>Retouren<\/strong> und <strong>Stornierungen<\/strong>? Antworten findest Du unter <a href=\"https:\/\/tissuetales.net\/fr\/fragen-antworten\/\">Service FAQ<\/a>.<\/p>\n<p><strong>Pflegehinweise: So hast Du lange etwas von den handgefertigten Einzelteilen<br \/>\n<\/strong><\/p>\n<p>Wir verwenden \u00fcberwiegend in Burkina Faso handgewebte Stoffe, farbechte Baumwolldrucke aus Westafrika, den Niederlanden und Indien sowie Naturgarne wie Baumwolle, Seide, Wolle und Leinen. Durch die Handarbeit erh\u00e4lt jede Stoffbahn einen einzigartigen Charakter. Farben, Druck- und Webqualit\u00e4t k\u00f6nnen leicht abweichen und verleihen dem Material eine besondere Textur. Die Kleidungsst\u00fccke sind empfindlicher als gew\u00f6hnliche Konfektionsware von Fast-Fashion-Anbietern, der oft Kunstfasern beigemischt werden, um sie pflegeleicht und trageangenehm zu machen. Wir empfehlen die handgefertigten und ma\u00dfgeschneiderten Teile von Diallo tissue tales sehr sorgf\u00e4ltig zu behandeln, um ihre Farben zu bewahren und eine Besch\u00e4digung der Stoffe und Strickware zu vermeiden.<\/p>\n<p><strong>Waschen<\/strong><\/p>\n<p>Die Stofftaschen k\u00f6nnen mit bis zu 30 Grad Feinw\u00e4sche gewaschen werden. Bestickte und handgestrickte Modelle m\u00fcssen vorsichtig und ohne gro\u00dfes Rubbeln mit der Hand oder im Handwaschgang der Waschmaschine gewaschen werden. Strickteile sollten nach dem Waschen liegend auf einem Handtuch in Form gezogen und getrocknet werden. Rei\u00dfverschl\u00fcsse sollten vor dem Waschen geschlossen werden. Damit die sichtbare Seite l\u00e4nger wie neu bleibt, sollten die Kleidungsst\u00fccke vor der W\u00e4sche auf links gezogen werden.Die Kleidungsst\u00fccke und Accessoires weder bleichen noch einweichen oder mit Weichsp\u00fcler behandeln.<\/p>\n<p><strong>B\u00fcgeln<\/strong><\/p>\n<p>Drehe die Accessoires oder Kleidungsst\u00fccke auf links und b\u00fcgele sie bei niedriger Temperatur. Strickteile von links eventuell mit einem feuchten K\u00fcchentuch vorsichtig d\u00e4mpfen, mit dem Eisen nicht zu fest auf das Gestrickte aufdr\u00fccken.<\/p>\n<p>Solltest Du weitere Fragen zur Pflege Deiner Modelle haben, schreibe uns eine kurze Mail unter <a href=\"https:\/\/tissuetales.net\/fr\/kontakt\/\">Kontakt<\/a>.<\/p>\n<p>&nbsp;<\/p>\n<p>&nbsp;<\/p>","protected":false},"excerpt":{"rendered":"<p><strong>SPENDE F\u00dcR FRAUEN IN BURKINA FASO<\/strong><\/p>\n<p>Der Oberstoff ist aus beigefarbenen und t\u00fcrkisen Baumwollf\u00e4den besonders fein zu einem dezenten Gr\u00fcnton verwebt. Wer den Reissverschluss mit dem kleinen Blatt \u00f6ffnet, findet einen sch\u00f6nen, harmonischen Waxprint mit liegenden Achten in den Farben t\u00fcrkis, braun und einem pudrigen Beigeton.<\/p>","protected":false},"featured_media":2887,"template":"","meta":[],"product_brand":[],"product_cat":[15,23],"product_tag":[25,37,24,31,48,30],"class_list":{"0":"post-2885","1":"product","2":"type-product","3":"status-publish","4":"has-post-thumbnail","6":"product_cat-alle-produkte","7":"product_cat-taschen","8":"product_tag-bauchtasche","9":"product_tag-baumwolle","10":"product_tag-faso-dan-fani","11":"product_tag-gruen","12":"product_tag-tuerkis","13":"product_tag-waxprint","15":"first","16":"instock","17":"shipping-taxable","18":"purchasable","19":"product-type-simple"},"_links":{"self":[{"href":"http:\/\/tissuetales.net\/fr\/wp-json\/wp\/v2\/product\/2885","targetHints":{"allow":["GET"]}}],"collection":[{"href":"http:\/\/tissuetales.net\/fr\/wp-json\/wp\/v2\/product"}],"about":[{"href":"http:\/\/tissuetales.net\/fr\/wp-json\/wp\/v2\/types\/product"}],"wp:featuredmedia":[{"embeddable":true,"href":"http:\/\/tissuetales.net\/fr\/wp-json\/wp\/v2\/media\/2887"}],"wp:attachment":[{"href":"http:\/\/tissuetales.net\/fr\/wp-json\/wp\/v2\/media?parent=2885"}],"wp:term":[{"taxonomy":"product_brand","embeddable":true,"href":"http:\/\/tissuetales.net\/fr\/wp-json\/wp\/v2\/product_brand?post=2885"},{"taxonomy":"product_cat","embeddable":true,"href":"http:\/\/tissuetales.net\/fr\/wp-json\/wp\/v2\/product_cat?post=2885"},{"taxonomy":"product_tag","embeddable":true,"href":"http:\/\/tissuetales.net\/fr\/wp-json\/wp\/v2\/product_tag?post=2885"}],"curies":[{"name":"wp","href":"https:\/\/api.w.org\/{rel}","templated":true}]}}