{"id":2484,"date":"2023-03-21T18:54:25","date_gmt":"2023-03-21T16:54:25","guid":{"rendered":"https:\/\/tissuetales.net\/?post_type=product&#038;p=2484"},"modified":"2025-08-15T17:04:28","modified_gmt":"2025-08-15T15:04:28","slug":"bellybag-blackstripes","status":"publish","type":"product","link":"https:\/\/tissuetales.net\/fr\/shop\/bellybag-blackstripes\/","title":{"rendered":"Bellybag Blackstripes"},"content":{"rendered":"<p>Das robuste schwarze Kunstleder macht die Bauchtasche zum perfekten Begleiter f\u00fcr jeden Tag. Wenn Du sie \u00f6ffnest, \u00fcberrascht Dich das tolle Baumwollfutter in braun, schwarz und wei\u00df. Der handgewebte Faso dan Fani ist ein Zeichen der Identit\u00e4t der Menschen in Burkina Faso. Der robuste schwarzgrundige Gurt mit diagonalen Akzenten in beige und gold l\u00e4sst sich mit hochwertigen Messingschnallen und Karabinern ganz nach Deinen W\u00fcnschen von 70 cm auf komfortable 132 cm verl\u00e4ngern.<\/p>\n<p><strong>Material<\/strong><br \/>\nOberstoff: Kunstleder<br \/>\nFutterstoff: 100 % Baumwolle<br \/>\nSchnallen: Messing<br \/>\nReissverschluss: Kunststoff<\/p>\n<p><strong>Ma\u00dfe<\/strong><br \/>\nReissverschluss: 32 cm<br \/>\nL\u00e4nge: 45 cm<br \/>\nBreite: 16 cm<br \/>\nH\u00f6he: 11 cm<\/p>\n<p><strong>Versandkosten<\/strong><br \/>\nDeutschland: 4,90\u20ac<br \/>\nEU: 6,50\u20ac<br \/>\nSchweiz: 9,90\u20ac<br \/>\n\u00d6sterreich: 8,90\u20ac<\/p>\n<p>Du hast generelle Fragen zur <strong>Bestellung<\/strong>, <strong>Bezahlung<\/strong>, <strong>Verpackung<\/strong>, <strong>Versand<\/strong>, <strong>Lieferung<\/strong>, <strong>Retouren<\/strong> und <strong>Stornierungen<\/strong>? Antworten findest Du unter <a href=\"https:\/\/tissuetales.net\/fr\/fragen-antworten\/\">Service FAQ<\/a>.<\/p>\n<p><strong>Pflegehinweise: So hast Du lange etwas von den handgefertigten Einzelteilen<br \/>\n<\/strong><\/p>\n<p>Wir verwenden \u00fcberwiegend in Burkina Faso handgewebte Stoffe, farbechte Baumwolldrucke aus Westafrika, den Niederlanden und Indien sowie Naturgarne wie Baumwolle, Seide, Wolle und Leinen. Durch die Handarbeit erh\u00e4lt jede Stoffbahn einen einzigartigen Charakter. Farben, Druck- und Webqualit\u00e4t k\u00f6nnen leicht abweichen und verleihen dem Material eine besondere Textur. Die Kleidungsst\u00fccke sind empfindlicher als gew\u00f6hnliche Konfektionsware von Fast-Fashion-Anbietern, der oft Kunstfasern beigemischt werden, um sie pflegeleicht und trageangenehm zu machen. Wir empfehlen die handgefertigten und ma\u00dfgeschneiderten Teile von Diallo tissue tales sehr sorgf\u00e4ltig zu behandeln, um ihre Farben zu bewahren und eine Besch\u00e4digung der Stoffe und Strickware zu vermeiden.<\/p>\n<p><strong>Waschen<\/strong><\/p>\n<p>Die Ledertaschen m\u00fcssen chemisch gereinigt werden. Die Stofftaschen k\u00f6nnen mit bis zu 30 Grad Feinw\u00e4sche gewaschen werden. Kunstleder kann au\u00dfen mit einem feuchten Tuch abgewischt werden. Bestickte und handgestrickte Modelle m\u00fcssen vorsichtig und ohne gro\u00dfes Rubbeln mit der Hand oder im Handwaschgang der Waschmaschine gewaschen werden. Strickteile sollten nach dem Waschen liegend auf einem Handtuch in Form gezogen und getrocknet werden. Rei\u00dfverschl\u00fcsse sollten vor dem Waschen geschlossen werden. Damit die sichtbare Seite l\u00e4nger wie neu bleibt, sollten die Kleidungsst\u00fccke vor der W\u00e4sche auf links gezogen werden.Die Kleidungsst\u00fccke und Accessoires weder bleichen noch einweichen oder mit Weichsp\u00fcler behandeln.<\/p>\n<p><strong>B\u00fcgeln<\/strong><\/p>\n<p>Drehe die Accessoires oder Kleidungsst\u00fccke auf links und b\u00fcgele sie bei niedriger Temperatur. Strickteile von links eventuell mit einem feuchten K\u00fcchentuch vorsichtig d\u00e4mpfen, mit dem Eisen nicht zu fest auf das Gestrickte aufdr\u00fccken.<\/p>\n<p>Solltest Du weitere Fragen zur Pflege Deiner Modelle haben, schreibe uns eine kurze Mail unter <a href=\"https:\/\/tissuetales.net\/fr\/kontakt\/\">Kontakt<\/a>.<\/p>\n<p>&nbsp;<\/p>","protected":false},"excerpt":{"rendered":"<p>Das Modell &#8222;Blackstripes&#8220; ist aus Kunstleder gefertigt. Die robuste, wasserabweisende Au\u00dfenhaut ist innen mit handgewebtem <a href=\"https:\/\/tissuetales.net\/fr\/faso-dan-fani-pragt-die-kulturelle-identitat\/\">Faso dan Fani<\/a> in schwarz, braun und wei\u00dfem Streifendesign gef\u00fcttert. In der Innentasche finden Schl\u00fcssel oder Handy gut Platz.<\/p>","protected":false},"featured_media":3255,"template":"","meta":[],"product_brand":[],"product_cat":[15,23],"product_tag":[25,36,24,27],"class_list":{"0":"post-2484","1":"product","2":"type-product","3":"status-publish","4":"has-post-thumbnail","6":"product_cat-alle-produkte","7":"product_cat-taschen","8":"product_tag-bauchtasche","9":"product_tag-braun","10":"product_tag-faso-dan-fani","11":"product_tag-schwarz","13":"first","14":"instock","15":"sold-individually","16":"shipping-taxable","17":"purchasable","18":"product-type-simple"},"_links":{"self":[{"href":"https:\/\/tissuetales.net\/fr\/wp-json\/wp\/v2\/product\/2484","targetHints":{"allow":["GET"]}}],"collection":[{"href":"https:\/\/tissuetales.net\/fr\/wp-json\/wp\/v2\/product"}],"about":[{"href":"https:\/\/tissuetales.net\/fr\/wp-json\/wp\/v2\/types\/product"}],"wp:featuredmedia":[{"embeddable":true,"href":"https:\/\/tissuetales.net\/fr\/wp-json\/wp\/v2\/media\/3255"}],"wp:attachment":[{"href":"https:\/\/tissuetales.net\/fr\/wp-json\/wp\/v2\/media?parent=2484"}],"wp:term":[{"taxonomy":"product_brand","embeddable":true,"href":"https:\/\/tissuetales.net\/fr\/wp-json\/wp\/v2\/product_brand?post=2484"},{"taxonomy":"product_cat","embeddable":true,"href":"https:\/\/tissuetales.net\/fr\/wp-json\/wp\/v2\/product_cat?post=2484"},{"taxonomy":"product_tag","embeddable":true,"href":"https:\/\/tissuetales.net\/fr\/wp-json\/wp\/v2\/product_tag?post=2484"}],"curies":[{"name":"wp","href":"https:\/\/api.w.org\/{rel}","templated":true}]}}