{"id":2527,"date":"2023-03-22T19:58:04","date_gmt":"2023-03-22T17:58:04","guid":{"rendered":"https:\/\/tissuetales.net\/?post_type=product&#038;p=2527"},"modified":"2025-08-15T15:02:11","modified_gmt":"2025-08-15T13:02:11","slug":"bellybag-yellowgrey","status":"publish","type":"product","link":"https:\/\/tissuetales.net\/fr\/shop\/bellybag-yellowgrey\/","title":{"rendered":"Bellybag Yellowgrey"},"content":{"rendered":"<p>Das graue Leder \u2013 ein Rest des Berliner Taschenlabels <a href=\"https:\/\/www.kaa-berlin.de\/de\/\">kaa berlin<\/a> \u2013 und der sonnengelbe, handgewebte Faso dan Fano im Innenteil formen einen harmonischen Kontrast. Das Gelb strahlt beim \u00d6ffnen der Bauchtasche und verstr\u00f6mt Freude. Die Innentasche aus doppellagigem Faso dan Fani bietet Deinem Handy einen sicheren Platz. Der Gurt aus mit stylischem Leo-Webmuster l\u00e4sst sich ganz nach Deinen W\u00fcnschen von 47 cm auf komfortable 134 cm verl\u00e4ngern. Der Gurt ist \u00fcber goldene Messing-Karabiner und ros\u00e9goldene \u00d6sen mit der Tasche flexibel verbunden \u2013 so hast Du maximale Bewegungsfreiheit. Der gelbe Reissverschluss l\u00e4sst die Farbe des Innenfutters schon ahnen.<\/p>\n<p><strong>Material<\/strong><br \/>\nObermaterial: Leder<br \/>\nFutterstoff: 100 % Baumwolle (handgewebter Faso dan Fani)<br \/>\nGleiter: goldfarbenes Metall<br \/>\nReissverschluss: Kunsstoff, ros\u00e9goldene Z\u00e4hnchen<br \/>\nGurt: Eingewebtes Leomuster<\/p>\n<p>&nbsp;<\/p>\n<p><strong>Ma\u00dfe<\/strong><br \/>\nReissverschluss: 20 cm<br \/>\nL\u00e4nge: 36 cm<br \/>\nBreite: 15 cm<br \/>\nH\u00f6he: 10 cm<\/p>\n<p><strong>Versandkosten<\/strong><br \/>\nDeutschland: 4,90\u20ac<br \/>\nEU: 6,50\u20ac<br \/>\nSchweiz: 9,90\u20ac<br \/>\n\u00d6sterreich: 8,90\u20ac<\/p>\n<p>Du hast generelle Fragen zur <strong>Bestellung<\/strong>, <strong>Bezahlung<\/strong>, <strong>Verpackung<\/strong>, <strong>Versand<\/strong>, <strong>Lieferung<\/strong>, <strong>Retouren<\/strong> und <strong>Stornierungen<\/strong>? Antworten findest Du unter <a href=\"https:\/\/tissuetales.net\/fr\/fragen-antworten\/\">Service FAQ<\/a>.<\/p>\n<p><strong>Pflegehinweise: So hast Du lange etwas von den handgefertigten Einzelteilen<br \/>\n<\/strong><\/p>\n<p>Wir verwenden \u00fcberwiegend in Burkina Faso handgewebte Stoffe, farbechte Baumwolldrucke aus Westafrika, den Niederlanden und Indien sowie Naturgarne wie Baumwolle, Seide, Wolle und Leinen. Durch die Handarbeit erh\u00e4lt jede Stoffbahn einen einzigartigen Charakter. Farben, Druck- und Webqualit\u00e4t k\u00f6nnen leicht abweichen und verleihen dem Material eine besondere Textur. Die Kleidungsst\u00fccke sind empfindlicher als gew\u00f6hnliche Konfektionsware von Fast-Fashion-Anbietern, der oft Kunstfasern beigemischt werden, um sie pflegeleicht und trageangenehm zu machen. Wir empfehlen die handgefertigten und ma\u00dfgeschneiderten Teile von Diallo tissue tales sehr sorgf\u00e4ltig zu behandeln, um ihre Farben zu bewahren und eine Besch\u00e4digung der Stoffe und Strickware zu vermeiden.<\/p>\n<p><strong>Waschen<\/strong><\/p>\n<p>Die Stofftaschen k\u00f6nnen mit bis zu 30 Grad Feinw\u00e4sche gewaschen werden. Bestickte und handgestrickte Modelle m\u00fcssen vorsichtig und ohne gro\u00dfes Rubbeln mit der Hand oder im Handwaschgang der Waschmaschine gewaschen werden. Strickteile sollten nach dem Waschen liegend auf einem Handtuch in Form gezogen und getrocknet werden. Rei\u00dfverschl\u00fcsse sollten vor dem Waschen geschlossen werden. Damit die sichtbare Seite l\u00e4nger wie neu bleibt, sollten die Kleidungsst\u00fccke vor der W\u00e4sche auf links gezogen werden.Die Kleidungsst\u00fccke und Accessoires weder bleichen noch einweichen oder mit Weichsp\u00fcler behandeln.<\/p>\n<p><strong>B\u00fcgeln<\/strong><\/p>\n<p>Drehe die Accessoires oder Kleidungsst\u00fccke auf links und b\u00fcgele sie bei niedriger Temperatur. Strickteile von links eventuell mit einem feuchten K\u00fcchentuch vorsichtig d\u00e4mpfen, mit dem Eisen nicht zu fest auf das Gestrickte aufdr\u00fccken.<\/p>\n<p>Solltest Du weitere Fragen zur Pflege Deiner Modelle haben, schreibe uns eine kurze Mail unter <a href=\"https:\/\/tissuetales.net\/fr\/kontakt\/\">Kontakt<\/a>.<\/p>\n<p>&nbsp;<\/p>","protected":false},"excerpt":{"rendered":"<p>Graues Leder trifft sonnengelben Faso dan Fani an einem Gurt aus auff\u00e4lligem Leogewebe \u2013 diese elegante Bauchtasche verbindet urbanen Stil mit der strahlenden W\u00e4rme afrikanischer Stoffe. Ein echtes Unikat f\u00fcr alle, die Funktionalit\u00e4t mit Charakter lieben.<\/p>","protected":false},"featured_media":3257,"template":"","meta":[],"product_brand":[],"product_cat":[15,23],"product_tag":[25,58,43,118,119],"class_list":{"0":"post-2527","1":"product","2":"type-product","3":"status-publish","4":"has-post-thumbnail","6":"product_cat-alle-produkte","7":"product_cat-taschen","8":"product_tag-bauchtasche","9":"product_tag-goldgelb","10":"product_tag-grau","11":"product_tag-leder","12":"product_tag-leomuster","14":"first","15":"instock","16":"sold-individually","17":"shipping-taxable","18":"purchasable","19":"product-type-simple"},"_links":{"self":[{"href":"https:\/\/tissuetales.net\/fr\/wp-json\/wp\/v2\/product\/2527","targetHints":{"allow":["GET"]}}],"collection":[{"href":"https:\/\/tissuetales.net\/fr\/wp-json\/wp\/v2\/product"}],"about":[{"href":"https:\/\/tissuetales.net\/fr\/wp-json\/wp\/v2\/types\/product"}],"wp:featuredmedia":[{"embeddable":true,"href":"https:\/\/tissuetales.net\/fr\/wp-json\/wp\/v2\/media\/3257"}],"wp:attachment":[{"href":"https:\/\/tissuetales.net\/fr\/wp-json\/wp\/v2\/media?parent=2527"}],"wp:term":[{"taxonomy":"product_brand","embeddable":true,"href":"https:\/\/tissuetales.net\/fr\/wp-json\/wp\/v2\/product_brand?post=2527"},{"taxonomy":"product_cat","embeddable":true,"href":"https:\/\/tissuetales.net\/fr\/wp-json\/wp\/v2\/product_cat?post=2527"},{"taxonomy":"product_tag","embeddable":true,"href":"https:\/\/tissuetales.net\/fr\/wp-json\/wp\/v2\/product_tag?post=2527"}],"curies":[{"name":"wp","href":"https:\/\/api.w.org\/{rel}","templated":true}]}}