{"id":2544,"date":"2023-03-25T10:32:14","date_gmt":"2023-03-25T08:32:14","guid":{"rendered":"https:\/\/tissuetales.net\/?post_type=product&#038;p=2544"},"modified":"2024-07-09T09:27:51","modified_gmt":"2024-07-09T07:27:51","slug":"bellybag-kolibri","status":"publish","type":"product","link":"https:\/\/tissuetales.net\/fr\/shop\/bellybag-kolibri\/","title":{"rendered":"Bellybag Kolibri"},"content":{"rendered":"<p>Der Kolibri auf dieser Belly Bag macht Lust auf&#8217;s Ausgehen. Die Tasche ist kompakt und bietet Platz f\u00fcr Handy, Schl\u00fcssel und etwas Kleingeld, wenn Du die H\u00e4nde frei haben m\u00f6chtest. Das leuchtend gelbe Innenfutter und der Gurt sorgen f\u00fcr gute Laune. Einen edlen Touch gibt die hochwertige Messing-Schnalle,\u00a0 so kannst Du die kleine Begleiterin schnell von\u00a0 Schulter- auf Taillenweiter umstellen. Der sonnengelbe Gurt l\u00e4sst sich 59 cm auf komfortable 101 cm verl\u00e4ngern.<\/p>\n<p><strong>Material<\/strong><br \/>\nOberstoff &amp; Futter: 100 % Baumwolle<br \/>\nGleiter: Messing<br \/>\nKlickverschluss: Messing<br \/>\nReissverschluss: Metall in ros\u00e9gold<\/p>\n<p><strong>Ma\u00dfe<\/strong><br \/>\nReissverschluss: 21,5 cm<br \/>\nL\u00e4nge: 30 cm<br \/>\nBreite: 11 cm<br \/>\nH\u00f6he: 6 cm<\/p>\n<p><strong>Versandkosten<\/strong><br \/>\nDeutschland: 4,90\u20ac<br \/>\nEU: 6,50\u20ac<br \/>\nSchweiz: 9,90\u20ac<br \/>\n\u00d6sterreich: 8,90\u20ac<\/p>\n<p>Du hast generelle Fragen zur <strong>Bestellung<\/strong>, <strong>Bezahlung<\/strong>, <strong>Verpackung<\/strong>, <strong>Versand<\/strong>, <strong>Lieferung<\/strong>, <strong>Retouren<\/strong> und <strong>Stornierungen<\/strong>? Antworten findest Du unter <a href=\"https:\/\/tissuetales.net\/fr\/fragen-antworten\/\">Service FAQ<\/a>.<\/p>\n<p><strong>Pflegehinweise: So hast Du lange etwas von den handgefertigten Einzelteilen<br \/>\n<\/strong><\/p>\n<p>Wir verwenden \u00fcberwiegend in Burkina Faso handgewebte Stoffe, farbechte Baumwolldrucke aus Westafrika, den Niederlanden und Indien sowie Naturgarne wie Baumwolle, Seide, Wolle und Leinen. Durch die Handarbeit erh\u00e4lt jede Stoffbahn einen einzigartigen Charakter. Farben, Druck- und Webqualit\u00e4t k\u00f6nnen leicht abweichen und verleihen dem Material eine besondere Textur. Die Kleidungsst\u00fccke sind empfindlicher als gew\u00f6hnliche Konfektionsware von Fast-Fashion-Anbietern, der oft Kunstfasern beigemischt werden, um sie pflegeleicht und trageangenehm zu machen. Wir empfehlen die handgefertigten und ma\u00dfgeschneiderten Teile von Diallo tissue tales sehr sorgf\u00e4ltig zu behandeln, um ihre Farben zu bewahren und eine Besch\u00e4digung der Stoffe und Strickware zu vermeiden.<\/p>\n<p><strong>Waschen<\/strong><\/p>\n<p>Die Stofftaschen k\u00f6nnen mit bis zu 30 Grad Feinw\u00e4sche gewaschen werden. Bestickte und handgestrickte Modelle m\u00fcssen vorsichtig und ohne gro\u00dfes Rubbeln mit der Hand oder im Handwaschgang der Waschmaschine gewaschen werden. Strickteile sollten nach dem Waschen liegend auf einem Handtuch in Form gezogen und getrocknet werden. Rei\u00dfverschl\u00fcsse sollten vor dem Waschen geschlossen werden. Damit die sichtbare Seite l\u00e4nger wie neu bleibt, sollten die Kleidungsst\u00fccke vor der W\u00e4sche auf links gezogen werden.Die Kleidungsst\u00fccke und Accessoires weder bleichen noch einweichen oder mit Weichsp\u00fcler behandeln.<\/p>\n<p><strong>B\u00fcgeln<\/strong><\/p>\n<p>Drehe die Accessoires oder Kleidungsst\u00fccke auf links und b\u00fcgele sie bei niedriger Temperatur. Strickteile von links eventuell mit einem feuchten K\u00fcchentuch vorsichtig d\u00e4mpfen, mit dem Eisen nicht zu fest auf das Gestrickte aufdr\u00fccken.<\/p>\n<p>Solltest Du weitere Fragen zur Pflege Deiner Modelle haben, schreibe uns eine kurze Mail unter <a href=\"https:\/\/tissuetales.net\/fr\/kontakt\/\">Kontakt<\/a>.<\/p>","protected":false},"excerpt":{"rendered":"<p>Paradiesische Motive auf auberginefarbenem Grund und ein strahlend gelbes Innenfutter machen das Modell &#8222;Kolibri&#8220; zu einem echten Hingucker. Die kleine Tasche ist leicht und eignet sich ideal zum Ausgehen, so hast Du die H\u00e4nde frei und trotzdem alles Wichtige dabei.<\/p>\n<p>&nbsp;<\/p>","protected":false},"featured_media":2543,"template":"","meta":[],"product_brand":[],"product_cat":[15,23],"product_tag":[38,25,37,26],"class_list":{"0":"post-2544","1":"product","2":"type-product","3":"status-publish","4":"has-post-thumbnail","6":"product_cat-alle-produkte","7":"product_cat-taschen","8":"product_tag-aubergine","9":"product_tag-bauchtasche","10":"product_tag-baumwolle","11":"product_tag-gelb","13":"first","14":"instock","15":"shipping-taxable","16":"purchasable","17":"product-type-simple"},"_links":{"self":[{"href":"https:\/\/tissuetales.net\/fr\/wp-json\/wp\/v2\/product\/2544","targetHints":{"allow":["GET"]}}],"collection":[{"href":"https:\/\/tissuetales.net\/fr\/wp-json\/wp\/v2\/product"}],"about":[{"href":"https:\/\/tissuetales.net\/fr\/wp-json\/wp\/v2\/types\/product"}],"wp:featuredmedia":[{"embeddable":true,"href":"https:\/\/tissuetales.net\/fr\/wp-json\/wp\/v2\/media\/2543"}],"wp:attachment":[{"href":"https:\/\/tissuetales.net\/fr\/wp-json\/wp\/v2\/media?parent=2544"}],"wp:term":[{"taxonomy":"product_brand","embeddable":true,"href":"https:\/\/tissuetales.net\/fr\/wp-json\/wp\/v2\/product_brand?post=2544"},{"taxonomy":"product_cat","embeddable":true,"href":"https:\/\/tissuetales.net\/fr\/wp-json\/wp\/v2\/product_cat?post=2544"},{"taxonomy":"product_tag","embeddable":true,"href":"https:\/\/tissuetales.net\/fr\/wp-json\/wp\/v2\/product_tag?post=2544"}],"curies":[{"name":"wp","href":"https:\/\/api.w.org\/{rel}","templated":true}]}}