{"id":2556,"date":"2023-03-25T13:40:56","date_gmt":"2023-03-25T11:40:56","guid":{"rendered":"https:\/\/tissuetales.net\/?post_type=product&#038;p=2556"},"modified":"2024-07-05T23:15:41","modified_gmt":"2024-07-05T21:15:41","slug":"bellybag-brigitte","status":"publish","type":"product","link":"https:\/\/tissuetales.net\/fr\/shop\/bellybag-brigitte\/","title":{"rendered":"Bellybag Brigitte"},"content":{"rendered":"<p>Der Waxprint stammt aus dem K\u00fcstenstaat Benin und zwar aus Porto Novo. Wenn Du mehr \u00fcber den Kauf dieses Stoffs wissen m\u00f6chtest, lies gerne meinen <a class=\"_ps2id\" href=\"https:\/\/pathe-o.afrikrea.com\/\" data-ps2id-offset=\"\">Blogartikel, <\/a>dann erf\u00e4hrst Du auch, warum das Modell &#8222;Brigitte&#8220; hei\u00dft. Die Bauchtasche bringt ein wenig Glitzer in Deinen Alltag und passt als tolle Kombipartnerin auch prima zu Jeans.\u00a0 Der Gurt l\u00e4sst sich bei 92 cm, 80 cm oder 61 cm fixieren, ganz nach Lust und Laune.<\/p>\n<p>Die Belly Bag ist eine echte Premiere, denn sie ist in Burkina Faso im At\u00e9lier von Lassina Par\u00e9 entstanden. Der begnadete Schneider, der in der Elfenbeink\u00fcste bereits f\u00fcr <a href=\"https:\/\/pathe-o.afrikrea.com\/\">Path\u00e9&#8217;O<\/a>, Hemden produziert hat, hat mich in seinem At\u00e9lier in Bobo Dioulasso unter seine professionellen Fittiche genommen. Dort entstand auch meine erste Kollektion &#8222;Made in Burkina&#8220;.<\/p>\n<p><strong>Material<\/strong><br \/>\nOberstoff &amp; Futter: 100 % Baumwolle<br \/>\nReissverschluss: Kunststoff mit kleinem Herz aus Metall<\/p>\n<p><strong>Ma\u00dfe<\/strong><br \/>\nReissverschluss: 21 cm<br \/>\nL\u00e4nge: 36 cm<br \/>\nBreite: 16,6 cm<br \/>\nH\u00f6he: 10,5 cm<\/p>\n<p><strong>Versandkosten<\/strong><br \/>\nDeutschland: 4,90\u20ac<br \/>\nEU: 6,50\u20ac<br \/>\nSchweiz: 9,90\u20ac<br \/>\n\u00d6sterreich: 8,90\u20ac<\/p>\n<p>Du hast generelle Fragen zur <strong>Bestellung<\/strong>, <strong>Bezahlung<\/strong>, <strong>Verpackung<\/strong>, <strong>Versand<\/strong>, <strong>Lieferung<\/strong>, <strong>Retouren<\/strong> und <strong>Stornierungen<\/strong>? Antworten findest Du unter <a href=\"https:\/\/tissuetales.net\/fr\/fragen-antworten\/\">Service FAQ<\/a>.<\/p>\n<p><strong>Pflegehinweise: So hast Du lange etwas von den handgefertigten Einzelteilen<br \/>\n<\/strong><\/p>\n<p>Wir verwenden \u00fcberwiegend in Burkina Faso handgewebte Stoffe, farbechte Baumwolldrucke aus Westafrika, den Niederlanden und Indien sowie Naturgarne wie Baumwolle, Seide, Wolle und Leinen. Durch die Handarbeit erh\u00e4lt jede Stoffbahn einen einzigartigen Charakter. Farben, Druck- und Webqualit\u00e4t k\u00f6nnen leicht abweichen und verleihen dem Material eine besondere Textur. Die Kleidungsst\u00fccke sind empfindlicher als gew\u00f6hnliche Konfektionsware von Fast-Fashion-Anbietern, der oft Kunstfasern beigemischt werden, um sie pflegeleicht und trageangenehm zu machen. Wir empfehlen die handgefertigten und ma\u00dfgeschneiderten Teile von Diallo tissue tales sehr sorgf\u00e4ltig zu behandeln, um ihre Farben zu bewahren und eine Besch\u00e4digung der Stoffe und Strickware zu vermeiden.<\/p>\n<p><strong>Waschen<\/strong><\/p>\n<p>Die Stofftaschen k\u00f6nnen mit bis zu 30 Grad Feinw\u00e4sche gewaschen werden. Bestickte und handgestrickte Modelle m\u00fcssen vorsichtig und ohne gro\u00dfes Rubbeln mit der Hand oder im Handwaschgang der Waschmaschine gewaschen werden. Strickteile sollten nach dem Waschen liegend auf einem Handtuch in Form gezogen und getrocknet werden. Rei\u00dfverschl\u00fcsse sollten vor dem Waschen geschlossen werden. Damit die sichtbare Seite l\u00e4nger wie neu bleibt, sollten die Kleidungsst\u00fccke vor der W\u00e4sche auf links gezogen werden.Die Kleidungsst\u00fccke und Accessoires weder bleichen noch einweichen oder mit Weichsp\u00fcler behandeln.<\/p>\n<p><strong>B\u00fcgeln<\/strong><\/p>\n<p>Drehe die Accessoires oder Kleidungsst\u00fccke auf links und b\u00fcgele sie bei niedriger Temperatur. Strickteile von links eventuell mit einem feuchten K\u00fcchentuch vorsichtig d\u00e4mpfen, mit dem Eisen nicht zu fest auf das Gestrickte aufdr\u00fccken.<\/p>\n<p>Solltest Du weitere Fragen zur Pflege Deiner Modelle haben, schreibe uns eine kurze Mail unter <a href=\"https:\/\/tissuetales.net\/fr\/kontakt\/\">Kontakt<\/a>.<\/p>","protected":false},"excerpt":{"rendered":"<p>Der edle Waxprint in dezenten Beige- und Braunnuancen f\u00fcr das Modell &#8222;Brigitte&#8220; wirkt mit ein paar Glitzereffekten richtig schick. Die leichte Tasche passt gut zu einer nachhaltigen Garderobe in Naturt\u00f6nen. Der Gurt l\u00e4sst sich mit unauff\u00e4lligen Druckkn\u00f6pfen von Schulter auf\u00a0 Taillenweite verstellen. Eine verst\u00e4rkte Innentasche hilft, in der Belly Bag Ordnung zu halten.<\/p>","protected":false},"featured_media":2561,"template":"","meta":[],"product_brand":[],"product_cat":[15,23],"product_tag":[25,37,36,41,42],"class_list":{"0":"post-2556","1":"product","2":"type-product","3":"status-publish","4":"has-post-thumbnail","6":"product_cat-alle-produkte","7":"product_cat-taschen","8":"product_tag-bauchtasche","9":"product_tag-baumwolle","10":"product_tag-braun","11":"product_tag-glitzer","12":"product_tag-natur","14":"first","15":"instock","16":"shipping-taxable","17":"purchasable","18":"product-type-simple"},"_links":{"self":[{"href":"https:\/\/tissuetales.net\/fr\/wp-json\/wp\/v2\/product\/2556","targetHints":{"allow":["GET"]}}],"collection":[{"href":"https:\/\/tissuetales.net\/fr\/wp-json\/wp\/v2\/product"}],"about":[{"href":"https:\/\/tissuetales.net\/fr\/wp-json\/wp\/v2\/types\/product"}],"wp:featuredmedia":[{"embeddable":true,"href":"https:\/\/tissuetales.net\/fr\/wp-json\/wp\/v2\/media\/2561"}],"wp:attachment":[{"href":"https:\/\/tissuetales.net\/fr\/wp-json\/wp\/v2\/media?parent=2556"}],"wp:term":[{"taxonomy":"product_brand","embeddable":true,"href":"https:\/\/tissuetales.net\/fr\/wp-json\/wp\/v2\/product_brand?post=2556"},{"taxonomy":"product_cat","embeddable":true,"href":"https:\/\/tissuetales.net\/fr\/wp-json\/wp\/v2\/product_cat?post=2556"},{"taxonomy":"product_tag","embeddable":true,"href":"https:\/\/tissuetales.net\/fr\/wp-json\/wp\/v2\/product_tag?post=2556"}],"curies":[{"name":"wp","href":"https:\/\/api.w.org\/{rel}","templated":true}]}}