{"id":2577,"date":"2023-03-27T16:02:51","date_gmt":"2023-03-27T14:02:51","guid":{"rendered":"https:\/\/tissuetales.net\/?post_type=product&#038;p=2577"},"modified":"2023-05-03T22:50:33","modified_gmt":"2023-05-03T20:50:33","slug":"jeans-burkina","status":"publish","type":"product","link":"https:\/\/tissuetales.net\/fr\/shop\/jeans-burkina\/","title":{"rendered":"Jeans Burkina"},"content":{"rendered":"<p>Die Jeans &#8222;Burkina&#8220; sichert Dir einen ganz besonderen Auftritt. Der handgewebte Faso dan Fani in Regenbogenfarben wurde mehrfach gewaschen, was ihn besonders weich und trageangenehm macht. Jeansattribute wie ein stilechter Lederpatch mit Labelstempel, N\u00e4hte mit Ziergarn und Ges\u00e4\u00dftaschen mit Steppung &#8222;BF&#8220; f\u00fcr Burkina Faso geben dem Modell eine einzigartige Note. Das bunte Gewebe l\u00e4sst sich wunderbar zu Jacken, Tops und Blusen in Eurem Kleiderschrank kombinieren, die Farbe Deines Lieblingsteils ist garantiert dabei! Die Hosengr\u00f6\u00dfe entspricht L bis XL oder Jeansgr\u00f6\u00dfe 30\/32. Wenn Du normalerweise M tr\u00e4gst, sitzt die Hose mit G\u00fcrtel sch\u00f6n locker, eben Boyfriend-Style.<\/p>\n<p><strong>Ma\u00dfe<\/strong><br \/>\nReissverschluss:\u00a0 14 cm<br \/>\nBeinl\u00e4nge: 95 cm<br \/>\nBundweite (Low Waist Cut): 91 cm<br \/>\nH\u00fcftweite: 110 cm<\/p>\n<p>Tipps zum Massnehmen und eine Gr\u00f6\u00dfentabelle findest Du unter <a href=\"https:\/\/tissuetales.net\/fr\/kulturlabel\/#1680034340603-c4b2630b-92ab\">Kult(ur)label<\/a>.<\/p>\n<p><strong>Material<\/strong><br \/>\nOber- und Futterstoff: 100 % Baumwolle (handgewebter Faso dan Fani aus Burkina Faso)<br \/>\nKnopf: Messing<br \/>\nNieten und Reissverschluss: Metall<br \/>\nBundlabel: Leder<\/p>\n<p>Du hast generelle Fragen zur <strong>Bestellung<\/strong>, <strong>Bezahlung<\/strong>, <strong>Verpackung<\/strong>, <strong>Versand<\/strong>, <strong>Lieferung<\/strong>, <strong>Retouren<\/strong> und <strong>Stornierungen<\/strong>? Antworten findest Du unter <a href=\"https:\/\/tissuetales.net\/fr\/fragen-antworten\/\">Service FAQ<\/a>.<\/p>\n<p><strong>Versandkosten<\/strong><br \/>\nDeutschland: 4,90\u20ac<br \/>\nEU: 6,50\u20ac<br \/>\nSchweiz: 9,90\u20ac<br \/>\n\u00d6sterreich: 8,90\u20ac<\/p>\n<p><strong>Pflegehinweise: So habt Ihr lange etwas von den handgefertigten Einzelteilen<br \/>\n<\/strong><\/p>\n<p>Wir verwenden \u00fcberwiegend in Burkina Faso handgewebte Stoffe, farbechte Baumwolldrucke aus Westafrika, den Niederlanden und Indien sowie Naturgarne wie Baumwolle, Seide, Wolle und Leinen. Durch die Handarbeit erh\u00e4lt jede Stoffbahn einen einzigartigen Charakter. Farben, Druck- und Webqualit\u00e4t k\u00f6nnen leicht abweichen und verleihen dem Material eine besondere Textur. Die Kleidungsst\u00fccke sind empfindlicher als gew\u00f6hnliche Konfektionsware von Fast-Fashion-Anbietern, der oft Kunstfasern beigemischt werden, um sie pflegeleicht und trageangenehm zu machen. Wir empfehlen die handgefertigten und ma\u00dfgeschneiderten Teile von Diallo tissue tales sehr sorgf\u00e4ltig zu behandeln, um ihre Farben zu bewahren und eine Besch\u00e4digung der Stoffe und Strickware zu vermeiden.<\/p>\n<p><strong>Waschen<\/strong><\/p>\n<p>Die Hosen kann mit bis zu 30 Grad Feinw\u00e4sche gewaschen werden. Bestickte und handgestrickte Modelle m\u00fcssen vorsichtig und ohne gro\u00dfes Rubbeln mit der Hand oder im Handwaschgang der Waschmaschine gewaschen werden. Strickteile sollten nach dem Waschen liegend auf einem Handtuch in Form gezogen und getrocknet werden. Rei\u00dfverschl\u00fcsse sollten vor dem Waschen geschlossen werden. Damit die sichtbare Seite l\u00e4nger wie neu bleibt, sollten die Kleidungsst\u00fccke vor der W\u00e4sche auf links gezogen werden.Die Kleidungsst\u00fccke und Accessoires weder bleichen noch einweichen oder mit Weichsp\u00fcler behandeln.<\/p>\n<p><strong>B\u00fcgeln<\/strong><\/p>\n<p>Drehe die Accessoires oder Kleidungsst\u00fccke auf links und b\u00fcgele sie bei niedriger Temperatur. Strickteile von links eventuell mit einem feuchten K\u00fcchentuch vorsichtig d\u00e4mpfen, mit dem Eisen nicht zu fest auf das Gestrickte aufdr\u00fccken.<\/p>\n<p>Solltest Du weitere Fragen zur Pflege Deiner Modelle haben, schreibe uns eine kurze Mail unter <a href=\"https:\/\/tissuetales.net\/fr\/kontakt\/\">Kontakt<\/a>.<\/p>\n<p>&nbsp;<\/p>\n<p>&nbsp;<\/p>","protected":false},"excerpt":{"rendered":"<p>Die Jeans &#8222;Burkina&#8220; aus gewaschenem Faso dan Fani in Regenbogenfarben hat einen bequemen Boyfriend-Schnitt mit einer etwas tieferen Taille. Die Beine sind etwas weiter geschnitten. F\u00fcr echtes Jeans-Feeling sorgen kleine Metallnieten, G\u00fcrtelschlaufen und Ziersteppungen auf den Ges\u00e4\u00dftaschen.<\/p>","protected":false},"featured_media":2579,"template":"","meta":[],"product_brand":[],"product_cat":[15,44],"product_tag":[28,24,46,45],"class_list":{"0":"post-2577","1":"product","2":"type-product","3":"status-publish","4":"has-post-thumbnail","6":"product_cat-alle-produkte","7":"product_cat-hosen-und-roecke","8":"product_tag-bunt","9":"product_tag-faso-dan-fani","10":"product_tag-hose","11":"product_tag-jeans","13":"first","14":"instock","15":"sold-individually","16":"shipping-taxable","17":"purchasable","18":"product-type-simple"},"_links":{"self":[{"href":"https:\/\/tissuetales.net\/fr\/wp-json\/wp\/v2\/product\/2577","targetHints":{"allow":["GET"]}}],"collection":[{"href":"https:\/\/tissuetales.net\/fr\/wp-json\/wp\/v2\/product"}],"about":[{"href":"https:\/\/tissuetales.net\/fr\/wp-json\/wp\/v2\/types\/product"}],"wp:featuredmedia":[{"embeddable":true,"href":"https:\/\/tissuetales.net\/fr\/wp-json\/wp\/v2\/media\/2579"}],"wp:attachment":[{"href":"https:\/\/tissuetales.net\/fr\/wp-json\/wp\/v2\/media?parent=2577"}],"wp:term":[{"taxonomy":"product_brand","embeddable":true,"href":"https:\/\/tissuetales.net\/fr\/wp-json\/wp\/v2\/product_brand?post=2577"},{"taxonomy":"product_cat","embeddable":true,"href":"https:\/\/tissuetales.net\/fr\/wp-json\/wp\/v2\/product_cat?post=2577"},{"taxonomy":"product_tag","embeddable":true,"href":"https:\/\/tissuetales.net\/fr\/wp-json\/wp\/v2\/product_tag?post=2577"}],"curies":[{"name":"wp","href":"https:\/\/api.w.org\/{rel}","templated":true}]}}