{"id":2634,"date":"2023-03-29T12:22:50","date_gmt":"2023-03-29T10:22:50","guid":{"rendered":"https:\/\/tissuetales.net\/?post_type=product&#038;p=2634"},"modified":"2025-08-15T15:08:39","modified_gmt":"2025-08-15T13:08:39","slug":"jeans-kokocurry","status":"publish","type":"product","link":"https:\/\/tissuetales.net\/fr\/shop\/jeans-kokocurry\/","title":{"rendered":"Jeans Kokocurrry"},"content":{"rendered":"<p>Das Modell &#8222;Kokocurry&#8220; aus stretchigem Baumwoll-Kokodunda hat alles, was eine richtige Jean braucht: doppelte Ziersteppungen an den Taschen, die stilisierten Anfangsbuchstaben f\u00fcr Diallo tissue tales auf den Ges\u00e4\u00dftaschen, ein Lederpatch mit Labelstempel, G\u00fcrtelschlaufen, Metallknopf und\u00a0 einen Jeansreissverschluss aus Metall. Und nat\u00fcrlich einen aufregendes burkinisches Batikmuster. Die Hose sitzt k\u00f6rpernah und hat schmale Beine. Sie entspricht einer Jeansgr\u00f6\u00dfe 29.<\/p>\n<p>Reissverschluss:\u00a0 12 cm<br \/>\nBeinl\u00e4nge: 97 cm<br \/>\nBundweite (Low Waist Cut): 86 cm<br \/>\nH\u00fcftweite: 112 cm<\/p>\n<p>Tipps zum Massnehmen und eine Gr\u00f6\u00dfentabelle findest Du unter <a href=\"https:\/\/tissuetales.net\/fr\/kulturlabel\/#1680034340603-c4b2630b-92ab\">Kult(ur)label<\/a>.<\/p>\n<p><strong>Material<\/strong><br \/>\nOber- und Futterstoff: 100 % Baumwolle (Kokodunda aus Burkina Faso)<br \/>\nKnopf: Messing<br \/>\nNieten und Reissverschluss: Metall<br \/>\nBundlabel: Leder<\/p>\n<p>Du hast generelle Fragen zur <strong>Bestellung<\/strong>, <strong>Bezahlung<\/strong>, <strong>Verpackung<\/strong>, <strong>Versand<\/strong>, <strong>Lieferung<\/strong>, <strong>Retouren<\/strong> und <strong>Stornierungen<\/strong>? Antworten findest Du unter <a href=\"https:\/\/tissuetales.net\/fr\/fragen-antworten\/\">Service FAQ<\/a>.<\/p>\n<p><strong>Versandkosten<\/strong><br \/>\nDeutschland: 4,90\u20ac<br \/>\nEU: 6,50\u20ac<br \/>\nSchweiz: 9,90\u20ac<br \/>\n\u00d6sterreich: 8,90\u20ac<\/p>\n<p><strong>Pflegehinweise: So habt Ihr lange etwas von den handgefertigten Einzelteilen<br \/>\n<\/strong><\/p>\n<p>Wir verwenden \u00fcberwiegend in Burkina Faso handgewebte Stoffe, farbechte Baumwolldrucke aus Westafrika, den Niederlanden und Indien sowie Naturgarne wie Baumwolle, Seide, Wolle und Leinen. Durch die Handarbeit erh\u00e4lt jede Stoffbahn einen einzigartigen Charakter. Farben, Druck- und Webqualit\u00e4t k\u00f6nnen leicht abweichen und verleihen dem Material eine besondere Textur. Die Kleidungsst\u00fccke sind empfindlicher als gew\u00f6hnliche Konfektionsware von Fast-Fashion-Anbietern, der oft Kunstfasern beigemischt werden, um sie pflegeleicht und trageangenehm zu machen. Wir empfehlen die handgefertigten und ma\u00dfgeschneiderten Teile von Diallo tissue tales sehr sorgf\u00e4ltig zu behandeln, um ihre Farben zu bewahren und eine Besch\u00e4digung der Stoffe und Strickware zu vermeiden.<\/p>\n<p><strong>Waschen<\/strong><\/p>\n<p>Die Hose kann mit bis zu 30 Grad Feinw\u00e4sche gewaschen werden. Bestickte und handgestrickte Modelle m\u00fcssen vorsichtig und ohne gro\u00dfes Rubbeln mit der Hand oder im Handwaschgang der Waschmaschine gewaschen werden. Strickteile sollten nach dem Waschen liegend auf einem Handtuch in Form gezogen und getrocknet werden. Rei\u00dfverschl\u00fcsse sollten vor dem Waschen geschlossen werden. Damit die sichtbare Seite l\u00e4nger wie neu bleibt, sollten die Kleidungsst\u00fccke vor der W\u00e4sche auf links gezogen werden.Die Kleidungsst\u00fccke und Accessoires weder bleichen noch einweichen oder mit Weichsp\u00fcler behandeln.<\/p>\n<p><strong>B\u00fcgeln<\/strong><\/p>\n<p>Drehe die Accessoires oder Kleidungsst\u00fccke auf links und b\u00fcgele sie bei niedriger Temperatur. Strickteile von links eventuell mit einem feuchten K\u00fcchentuch vorsichtig d\u00e4mpfen, mit dem Eisen nicht zu fest auf das Gestrickte aufdr\u00fccken.<\/p>\n<p>Solltest Du weitere Fragen zur Pflege Deiner Modelle haben, schreibe uns eine kurze Mail unter <a href=\"https:\/\/tissuetales.net\/fr\/kontakt\/\">Kontakt<\/a>.<\/p>\n<p>&nbsp;<\/p>","protected":false},"excerpt":{"rendered":"<p>Sitzt wie angegossen \u2013 die Jeans &#8222;Kokocurry&#8220; passt sich Deiner K\u00f6rperform super an. Der Schnitt ist &#8222;Low Waist&#8220; mit schmal geschnittenem Bein. Der weiche Baumwollstoff wurde in Burkina Faso mit der Fadentechnik in curry und violett\u00a0 eingef\u00e4rbt und zieht garantiert Blicke an.<\/p>\n<p>&nbsp;<\/p>","protected":false},"featured_media":2637,"template":"","meta":[],"product_brand":[],"product_cat":[15,44],"product_tag":[52,51,46,45,33,40],"class_list":{"0":"post-2634","1":"product","2":"type-product","3":"status-publish","4":"has-post-thumbnail","6":"product_cat-alle-produkte","7":"product_cat-hosen-und-roecke","8":"product_tag-batik","9":"product_tag-curry","10":"product_tag-hose","11":"product_tag-jeans","12":"product_tag-kokodunda","13":"product_tag-violett","15":"first","16":"outofstock","17":"shipping-taxable","18":"purchasable","19":"product-type-simple"},"_links":{"self":[{"href":"https:\/\/tissuetales.net\/fr\/wp-json\/wp\/v2\/product\/2634","targetHints":{"allow":["GET"]}}],"collection":[{"href":"https:\/\/tissuetales.net\/fr\/wp-json\/wp\/v2\/product"}],"about":[{"href":"https:\/\/tissuetales.net\/fr\/wp-json\/wp\/v2\/types\/product"}],"wp:featuredmedia":[{"embeddable":true,"href":"https:\/\/tissuetales.net\/fr\/wp-json\/wp\/v2\/media\/2637"}],"wp:attachment":[{"href":"https:\/\/tissuetales.net\/fr\/wp-json\/wp\/v2\/media?parent=2634"}],"wp:term":[{"taxonomy":"product_brand","embeddable":true,"href":"https:\/\/tissuetales.net\/fr\/wp-json\/wp\/v2\/product_brand?post=2634"},{"taxonomy":"product_cat","embeddable":true,"href":"https:\/\/tissuetales.net\/fr\/wp-json\/wp\/v2\/product_cat?post=2634"},{"taxonomy":"product_tag","embeddable":true,"href":"https:\/\/tissuetales.net\/fr\/wp-json\/wp\/v2\/product_tag?post=2634"}],"curies":[{"name":"wp","href":"https:\/\/api.w.org\/{rel}","templated":true}]}}