{"id":2644,"date":"2023-03-29T15:45:34","date_gmt":"2023-03-29T13:45:34","guid":{"rendered":"https:\/\/tissuetales.net\/?post_type=product&#038;p=2644"},"modified":"2023-04-30T17:32:09","modified_gmt":"2023-04-30T15:32:09","slug":"strickshirt-violet","status":"publish","type":"product","link":"https:\/\/tissuetales.net\/fr\/shop\/strickshirt-violet\/","title":{"rendered":"Strickshirt Violet"},"content":{"rendered":"<p>Der Feinstrickpulli &#8222;Violet&#8220; l\u00e4sst sich super angenehm tragen und auch gut bei 30 Grad in der Waschmaschine waschen. Am Bund und an den kurzen \u00c4rmeln rollt sich das glatt rechts gestrickte Shirt ein wenig nach au\u00dfen auf \u2013 ein sch\u00f6ner nat\u00fcrlicher Effekt. Den halsnahen Ausschnitt ziert ein kleines B\u00fcndchen in goldgelb. Die Farbkombi wirkt durch die Farbverl\u00e4ufe des Baumwollgarns harmonisch und zugleich au\u00dfergew\u00f6hnlich. Das Shirt entspricht der Gr\u00f6\u00dfe M oder 40.<\/p>\n<p>Schultern: 36 cm<br \/>\nL\u00e4nge: 60 cm<br \/>\nTaille: 72 cm<br \/>\nH\u00fcfte: 92 cm<br \/>\n\u00c4rmell\u00e4nge: 20 cm<\/p>\n<p>Tipps zum Massnehmen und eine Gr\u00f6\u00dfentabelle findest Du unter <a href=\"https:\/\/tissuetales.net\/fr\/kulturlabel\/#1680034340603-c4b2630b-92ab\">Kult(ur)label<\/a>.<\/p>\n<p><strong>Material<\/strong><br \/>\n100 % Baumwollgarn mit Farbverlauf<\/p>\n<p>Du hast generelle Fragen zur <strong>Bestellung<\/strong>, <strong>Bezahlung<\/strong>, <strong>Verpackung<\/strong>, <strong>Versand<\/strong>, <strong>Lieferung<\/strong>, <strong>Retouren<\/strong> und <strong>Stornierungen<\/strong>? Antworten findest Du unter <a href=\"https:\/\/tissuetales.net\/fr\/fragen-antworten\/\">Service FAQ<\/a>.<\/p>\n<p><strong>Versandkosten<\/strong><br \/>\nDeutschland: 4,90\u20ac<br \/>\nEU: 6,50\u20ac<br \/>\nSchweiz: 9,90\u20ac<br \/>\n\u00d6sterreich: 8,90\u20ac<\/p>\n<p><strong>Pflegehinweise: So habt Ihr lange etwas von den handgefertigten Einzelteilen<br \/>\n<\/strong><\/p>\n<p>Wir verwenden \u00fcberwiegend in Burkina Faso handgewebte Stoffe, farbechte Baumwolldrucke aus Westafrika, den Niederlanden und Indien sowie Naturgarne wie Baumwolle, Seide, Wolle und Leinen. Durch die Handarbeit erh\u00e4lt jede Stoffbahn einen einzigartigen Charakter. Farben, Druck- und Webqualit\u00e4t k\u00f6nnen leicht abweichen und verleihen dem Material eine besondere Textur. Die Kleidungsst\u00fccke sind empfindlicher als gew\u00f6hnliche Konfektionsware von Fast-Fashion-Anbietern, der oft Kunstfasern beigemischt werden, um sie pflegeleicht und trageangenehm zu machen. Wir empfehlen die handgefertigten und ma\u00dfgeschneiderten Teile von Diallo tissue tales sehr sorgf\u00e4ltig zu behandeln, um ihre Farben zu bewahren und eine Besch\u00e4digung der Stoffe und Strickware zu vermeiden.<\/p>\n<p><strong>Waschen<\/strong><\/p>\n<p>Die Strickshirts aus Baumwolle k\u00f6nnen mit bis zu 30 Grad Feinw\u00e4sche gewaschen werden. Bestickte und handgestrickte Modelle m\u00fcssen vorsichtig und ohne gro\u00dfes Rubbeln mit der Hand oder im Handwaschgang der Waschmaschine gewaschen werden. Strickteile sollten nach dem Waschen liegend auf einem Handtuch in Form gezogen und getrocknet werden. Rei\u00dfverschl\u00fcsse sollten vor dem Waschen geschlossen werden. Damit die sichtbare Seite l\u00e4nger wie neu bleibt, sollten die Kleidungsst\u00fccke vor der W\u00e4sche auf links gezogen werden.Die Kleidungsst\u00fccke und Accessoires weder bleichen noch einweichen oder mit Weichsp\u00fcler behandeln.<\/p>\n<p><strong>B\u00fcgeln<\/strong><\/p>\n<p>Drehe die Accessoires oder Kleidungsst\u00fccke auf links und b\u00fcgele sie bei niedriger Temperatur. Strickteile von links eventuell mit einem feuchten K\u00fcchentuch vorsichtig d\u00e4mpfen, mit dem Eisen nicht zu fest auf das Gestrickte aufdr\u00fccken.<\/p>\n<p>Solltest Du weitere Fragen zur Pflege Deiner Modelle haben, schreibe uns eine kurze Mail unter <a href=\"https:\/\/tissuetales.net\/fr\/kontakt\/\">Kontakt<\/a>.<\/p>\n<p>&nbsp;<\/p>\n<p>&nbsp;<\/p>","protected":false},"excerpt":{"rendered":"<p>Das Shirt &#8222;Violet&#8220; wurde aus reiner Baumwolle mit 2,5er Nadeln in Berlin handgestrickt. Die Wolle changiert in einem Dreiklang aus beige, flieder und goldgelb. Das Sommershirt hat eine figurnahe Passform und ist ein sch\u00f6nes Kombiteil f\u00fcr die Jeans &#8222;Kokocurry&#8220;. Aber auch als Einzelst\u00fcck zu hellen Hosen, Shorts oder R\u00f6cken sieht es wundersch\u00f6n aus.<\/p>","protected":false},"featured_media":2646,"template":"","meta":[],"product_brand":[],"product_cat":[15,79,99],"product_tag":[52,57,34,58,56,55,40],"class_list":{"0":"post-2644","1":"product","2":"type-product","3":"status-publish","4":"has-post-thumbnail","6":"product_cat-alle-produkte","7":"product_cat-oberteile","8":"product_cat-strick","9":"product_tag-batik","10":"product_tag-beige","11":"product_tag-flieder","12":"product_tag-goldgelb","13":"product_tag-pullover","14":"product_tag-strickshirt","15":"product_tag-violett","17":"first","18":"instock","19":"sold-individually","20":"shipping-taxable","21":"purchasable","22":"product-type-simple"},"_links":{"self":[{"href":"https:\/\/tissuetales.net\/fr\/wp-json\/wp\/v2\/product\/2644","targetHints":{"allow":["GET"]}}],"collection":[{"href":"https:\/\/tissuetales.net\/fr\/wp-json\/wp\/v2\/product"}],"about":[{"href":"https:\/\/tissuetales.net\/fr\/wp-json\/wp\/v2\/types\/product"}],"wp:featuredmedia":[{"embeddable":true,"href":"https:\/\/tissuetales.net\/fr\/wp-json\/wp\/v2\/media\/2646"}],"wp:attachment":[{"href":"https:\/\/tissuetales.net\/fr\/wp-json\/wp\/v2\/media?parent=2644"}],"wp:term":[{"taxonomy":"product_brand","embeddable":true,"href":"https:\/\/tissuetales.net\/fr\/wp-json\/wp\/v2\/product_brand?post=2644"},{"taxonomy":"product_cat","embeddable":true,"href":"https:\/\/tissuetales.net\/fr\/wp-json\/wp\/v2\/product_cat?post=2644"},{"taxonomy":"product_tag","embeddable":true,"href":"https:\/\/tissuetales.net\/fr\/wp-json\/wp\/v2\/product_tag?post=2644"}],"curies":[{"name":"wp","href":"https:\/\/api.w.org\/{rel}","templated":true}]}}