{"id":2726,"date":"2023-04-01T19:24:51","date_gmt":"2023-04-01T17:24:51","guid":{"rendered":"https:\/\/tissuetales.net\/?post_type=product&#038;p=2726"},"modified":"2024-07-09T09:27:52","modified_gmt":"2024-07-09T07:27:52","slug":"blouson-violet","status":"publish","type":"product","link":"https:\/\/tissuetales.net\/fr\/shop\/blouson-violet\/","title":{"rendered":"Blouson Violet"},"content":{"rendered":"<p>Die \u00c4rmel sind aus Wollstoff in trendigem Fischgratmuster mit kleinen Farbakzenten in rot und t\u00fcrkis. Der Blouson ist taillenkurz und l\u00e4sst sich besonders sch\u00f6n mit High-Waist-Hosen kombinieren.<\/p>\n<p>Schultern: 41 cm<br \/>\nL\u00e4nge: 47 cm<br \/>\n\u00c4rmell\u00e4nge: 64 cm<\/p>\n<p>Tipps zum Massnehmen und eine Gr\u00f6\u00dfentabelle findest Du unter <a href=\"https:\/\/tissuetales.net\/fr\/kulturlabel\/#1680034340603-c4b2630b-92ab\">Kult(ur)label<\/a>.<\/p>\n<p><strong>Material<\/strong><br \/>\nOberstoff: 50 % Wolle, 50 % Polyester; 100 % Schurwolle<br \/>\nFutter: 100 % Baumwolle (Kokodunda made in Burkina Faso)<br \/>\nB\u00fcndchen: 100% Baumwollgarn<\/p>\n<p>Du hast generelle Fragen zur <strong>Bestellung<\/strong>, <strong>Bezahlung<\/strong>, <strong>Verpackung<\/strong>, <strong>Versand<\/strong>, <strong>Lieferung<\/strong>, <strong>Retouren<\/strong> und <strong>Stornierungen<\/strong>? Antworten findest Du unter <a href=\"https:\/\/tissuetales.net\/fr\/fragen-antworten\/\">Service FAQ<\/a>.<\/p>\n<p><strong>Versandkosten<\/strong><br \/>\nDeutschland: 4,90\u20ac<br \/>\nEU: 6,50\u20ac<br \/>\nSchweiz: 9,90\u20ac<br \/>\n\u00d6sterreich: 8,90\u20ac<\/p>\n<p><strong>Pflegehinweise: So habt Ihr lange etwas von den handgefertigten Einzelteilen<br \/>\n<\/strong><\/p>\n<p>Wir verwenden \u00fcberwiegend in Burkina Faso handgewebte Stoffe, farbechte Baumwolldrucke aus Westafrika, den Niederlanden und Indien sowie Naturgarne wie Baumwolle, Seide, Wolle und Leinen. Durch die Handarbeit erh\u00e4lt jede Stoffbahn einen einzigartigen Charakter. Farben, Druck- und Webqualit\u00e4t k\u00f6nnen leicht abweichen und verleihen dem Material eine besondere Textur. Die Kleidungsst\u00fccke sind empfindlicher als gew\u00f6hnliche Konfektionsware von Fast-Fashion-Anbietern, der oft Kunstfasern beigemischt werden, um sie pflegeleicht und trageangenehm zu machen. Wir empfehlen die handgefertigten und ma\u00dfgeschneiderten Teile von Diallo tissue tales sehr sorgf\u00e4ltig zu behandeln, um ihre Farben zu bewahren und eine Besch\u00e4digung der Stoffe und Strickware zu vermeiden.<\/p>\n<p><strong>Waschen<\/strong><\/p>\n<p>Den Blouson bitte chemisch reinigen. Bestickte und handgestrickte Modelle m\u00fcssen vorsichtig und ohne gro\u00dfes Rubbeln mit der Hand oder im Handwaschgang der Waschmaschine gewaschen werden. Strickteile sollten nach dem Waschen liegend auf einem Handtuch in Form gezogen und getrocknet werden. Rei\u00dfverschl\u00fcsse sollten vor dem Waschen geschlossen werden. Damit die sichtbare Seite l\u00e4nger wie neu bleibt, sollten die Kleidungsst\u00fccke vor der W\u00e4sche auf links gezogen werden.Die Kleidungsst\u00fccke und Accessoires weder bleichen noch einweichen oder mit Weichsp\u00fcler behandeln.<\/p>\n<p><strong>B\u00fcgeln<\/strong><\/p>\n<p>Drehe die Accessoires oder Kleidungsst\u00fccke auf links und b\u00fcgele sie bei niedriger Temperatur. Strickteile von links eventuell mit einem feuchten K\u00fcchentuch vorsichtig d\u00e4mpfen, mit dem Eisen nicht zu fest auf das Gestrickte aufdr\u00fccken.<\/p>\n<p>Solltest Du weitere Fragen zur Pflege Deiner Modelle haben, schreibe uns eine kurze Mail unter <a href=\"https:\/\/tissuetales.net\/fr\/kontakt\/\">Kontakt<\/a>.<\/p>\n<p>&nbsp;<\/p>","protected":false},"excerpt":{"rendered":"<p>Der wundersch\u00f6ne Wollblouson &#8222;Violet&#8220; \u00fcberrascht Dich mit handgestrickten Baumwollb\u00fcndchen, einem Futter aus dezentem Kokodunda in violett mit t\u00fcrkisfarbenen Akzenten und einer Kreisapplikation auf dem R\u00fccken.<\/p>\n<p>&nbsp;<\/p>","protected":false},"featured_media":2727,"template":"","meta":[],"product_brand":[],"product_cat":[15,98],"product_tag":[61,82,88,33,81,91,40,90],"class_list":{"0":"post-2726","1":"product","2":"type-product","3":"status-publish","4":"has-post-thumbnail","6":"product_cat-alle-produkte","7":"product_cat-jacken-und-maentel","8":"product_tag-blouson","9":"product_tag-creme","10":"product_tag-fischgrat","11":"product_tag-kokodunda","12":"product_tag-strick","13":"product_tag-tweed","14":"product_tag-violett","15":"product_tag-walkwolle","17":"first","18":"instock","19":"shipping-taxable","20":"purchasable","21":"product-type-simple"},"_links":{"self":[{"href":"https:\/\/tissuetales.net\/fr\/wp-json\/wp\/v2\/product\/2726","targetHints":{"allow":["GET"]}}],"collection":[{"href":"https:\/\/tissuetales.net\/fr\/wp-json\/wp\/v2\/product"}],"about":[{"href":"https:\/\/tissuetales.net\/fr\/wp-json\/wp\/v2\/types\/product"}],"wp:featuredmedia":[{"embeddable":true,"href":"https:\/\/tissuetales.net\/fr\/wp-json\/wp\/v2\/media\/2727"}],"wp:attachment":[{"href":"https:\/\/tissuetales.net\/fr\/wp-json\/wp\/v2\/media?parent=2726"}],"wp:term":[{"taxonomy":"product_brand","embeddable":true,"href":"https:\/\/tissuetales.net\/fr\/wp-json\/wp\/v2\/product_brand?post=2726"},{"taxonomy":"product_cat","embeddable":true,"href":"https:\/\/tissuetales.net\/fr\/wp-json\/wp\/v2\/product_cat?post=2726"},{"taxonomy":"product_tag","embeddable":true,"href":"https:\/\/tissuetales.net\/fr\/wp-json\/wp\/v2\/product_tag?post=2726"}],"curies":[{"name":"wp","href":"https:\/\/api.w.org\/{rel}","templated":true}]}}