{"id":2902,"date":"2023-08-05T13:10:58","date_gmt":"2023-08-05T11:10:58","guid":{"rendered":"https:\/\/tissuetales.net\/?post_type=product&#038;p=2902"},"modified":"2024-07-09T09:27:52","modified_gmt":"2024-07-09T07:27:52","slug":"coat-feu","status":"publish","type":"product","link":"https:\/\/tissuetales.net\/fr\/shop\/coat-feu\/","title":{"rendered":"Coat Feu"},"content":{"rendered":"<p>Der Schnitt f\u00fcr den Wendemantel &#8222;Coat Feu&#8220; ist von einem Jackenschnitt der Designerin <a href=\"https:\/\/www.intothelight.de\/about\/\">Christine Mayer<\/a> inspiriert. Er ist direkt an der Schneiderb\u00fcste mittels Draping-Technik w\u00e4hrend eines Workshops bei Christine in Frankreich entstanden. Das auff\u00e4llige Revers und die \u00c4rmelumschl\u00e4ge geben jeweils einen Blick auf das Innenleben frei. Teilungsn\u00e4hte am Vorder-\u00a0 und R\u00fcckenteil geben dem Kurzmantel eine sch\u00f6ne, k\u00f6rpernahe Passform f\u00fcr Kleidergr\u00f6\u00dfe 40 oder M. Der Mantel hat gewollt keine Verschluss, Du kannst ihn wunderbar \u00fcber einem Kleid oder einen Jumnsuit auch bei festlichen Anl\u00e4ssen tragen. Der Mantel war mein erstes Teil, das komplett in Burkina Faso entstanden ist: Wenn Du wissen magst, wo die Stoffe herstammen, lies gerne den Blogbeitrag <a href=\"https:\/\/tissuetales.net\/fr\/treasure-hunt\/\">Treasure hunt<\/a>.<\/p>\n<p>Schultern: 40 cm<br \/>\nTaille: 96 cm<br \/>\nArml\u00e4nge: 63 cm<br \/>\nvordere L\u00e4nge: 86 cm<br \/>\nr\u00fcckw\u00e4rtige L\u00e4nge: 83 cm<\/p>\n<p>Tipps zum Massnehmen und eine Gr\u00f6\u00dfentabelle findest Du unter <a href=\"https:\/\/tissuetales.net\/fr\/kulturlabel\/#1680034340603-c4b2630b-92ab\">Kult(ur)label<\/a>.<\/p>\n<p><strong>Material<\/strong><br \/>\nOberstoff: 100 % Baumwolle (handgewebter Faso dan Fani)<br \/>\nFutterstoff: 100 % Baumwolle mit Glitzerdruck<\/p>\n<p>Du hast generelle Fragen zur <strong>Bestellung<\/strong>, <strong>Bezahlung<\/strong>, <strong>Verpackung<\/strong>, <strong>Versand<\/strong>, <strong>Lieferung<\/strong>, <strong>Retouren<\/strong> und <strong>Stornierungen<\/strong>? Antworten findest Du unter <a href=\"https:\/\/tissuetales.net\/fr\/fragen-antworten\/\">Service FAQ<\/a>.<\/p>\n<p><strong>Versandkosten<\/strong><br \/>\nDeutschland: 7,20\u20ac<br \/>\nEU: 16,40\u20ac<br \/>\nSchweiz: 27,50\u20ac<br \/>\n\u00d6sterreich: 19,50\u20ac<\/p>\n<p><strong>Pflegehinweise: So hast Du lange etwas von den handgefertigten Einzelteilen<br \/>\n<\/strong><\/p>\n<p>Wir verwenden \u00fcberwiegend in Burkina Faso handgewebte Stoffe, farbechte Baumwolldrucke aus Westafrika, den Niederlanden und Indien sowie Naturgarne wie Baumwolle, Seide, Wolle und Leinen. Durch die Handarbeit erh\u00e4lt jede Stoffbahn einen einzigartigen Charakter. Farben, Druck- und Webqualit\u00e4t k\u00f6nnen leicht abweichen und verleihen dem Material eine besondere Textur. Die Kleidungsst\u00fccke sind empfindlicher als gew\u00f6hnliche Konfektionsware von Fast-Fashion-Anbietern, der oft Kunstfasern beigemischt werden, um sie pflegeleicht und trageangenehm zu machen. Wir empfehlen die handgefertigten und ma\u00dfgeschneiderten Teile von Diallo tissue tales sehr sorgf\u00e4ltig zu behandeln, um ihre Farben zu bewahren und eine Besch\u00e4digung der Stoffe und Strickware zu vermeiden.<\/p>\n<p><strong>Waschen<\/strong><\/p>\n<p>Der Gehrock kann mit bis zu 30 Grad Feinw\u00e4sche gewaschen werden. Bestickte und handgestrickte Modelle m\u00fcssen vorsichtig und ohne gro\u00dfes Rubbeln mit der Hand oder im Handwaschgang der Waschmaschine gewaschen werden. Strickteile sollten nach dem Waschen liegend auf einem Handtuch in Form gezogen und getrocknet werden. Rei\u00dfverschl\u00fcsse sollten vor dem Waschen geschlossen werden. Damit die sichtbare Seite l\u00e4nger wie neu bleibt, sollten die Kleidungsst\u00fccke vor der W\u00e4sche auf links gezogen werden.Die Kleidungsst\u00fccke und Accessoires weder bleichen noch einweichen oder mit Weichsp\u00fcler behandeln.<\/p>\n<p><strong>B\u00fcgeln<\/strong><\/p>\n<p>Drehe die Accessoires oder Kleidungsst\u00fccke auf links und b\u00fcgele sie bei niedriger Temperatur. Strickteile von links eventuell mit einem feuchten K\u00fcchentuch vorsichtig d\u00e4mpfen, mit dem Eisen nicht zu fest auf das Gestrickte aufdr\u00fccken.<\/p>\n<p>Solltest Du weitere Fragen zur Pflege Deiner Modelle haben, schreibe uns eine kurze Mail unter <a href=\"https:\/\/tissuetales.net\/fr\/kontakt\/\">Kontakt<\/a>.<\/p>\n<p>&nbsp;<\/p>\n<p>&nbsp;<\/p>","protected":false},"excerpt":{"rendered":"<p>&#8222;Made in Burkina&#8220; \u2013 Der Wendemantel in robustem schwarzem Faso dan Fani hat eine elegant schimmernde Innenseite aus erdig, rotem Waxprint, der aus Benin stammt. Je nach Laune und Anlass kannst Du entweder die dezente oder die extravagente Seite au\u00dfen tragen.<\/p>","protected":false},"featured_media":2898,"template":"","meta":[],"product_brand":[],"product_cat":[15,98],"product_tag":[107,105,24,41,84,27,30,106],"class_list":{"0":"post-2902","1":"product","2":"type-product","3":"status-publish","4":"has-post-thumbnail","6":"product_cat-alle-produkte","7":"product_cat-jacken-und-maentel","8":"product_tag-apricot","9":"product_tag-bordeaux","10":"product_tag-faso-dan-fani","11":"product_tag-glitzer","12":"product_tag-kupfer","13":"product_tag-schwarz","14":"product_tag-waxprint","15":"product_tag-wendejacke","17":"first","18":"instock","19":"shipping-taxable","20":"purchasable","21":"product-type-simple"},"_links":{"self":[{"href":"https:\/\/tissuetales.net\/fr\/wp-json\/wp\/v2\/product\/2902","targetHints":{"allow":["GET"]}}],"collection":[{"href":"https:\/\/tissuetales.net\/fr\/wp-json\/wp\/v2\/product"}],"about":[{"href":"https:\/\/tissuetales.net\/fr\/wp-json\/wp\/v2\/types\/product"}],"wp:featuredmedia":[{"embeddable":true,"href":"https:\/\/tissuetales.net\/fr\/wp-json\/wp\/v2\/media\/2898"}],"wp:attachment":[{"href":"https:\/\/tissuetales.net\/fr\/wp-json\/wp\/v2\/media?parent=2902"}],"wp:term":[{"taxonomy":"product_brand","embeddable":true,"href":"https:\/\/tissuetales.net\/fr\/wp-json\/wp\/v2\/product_brand?post=2902"},{"taxonomy":"product_cat","embeddable":true,"href":"https:\/\/tissuetales.net\/fr\/wp-json\/wp\/v2\/product_cat?post=2902"},{"taxonomy":"product_tag","embeddable":true,"href":"https:\/\/tissuetales.net\/fr\/wp-json\/wp\/v2\/product_tag?post=2902"}],"curies":[{"name":"wp","href":"https:\/\/api.w.org\/{rel}","templated":true}]}}