{"id":2905,"date":"2023-08-06T12:33:25","date_gmt":"2023-08-06T10:33:25","guid":{"rendered":"https:\/\/tissuetales.net\/?post_type=product&#038;p=2905"},"modified":"2023-08-06T13:13:18","modified_gmt":"2023-08-06T11:13:18","slug":"onesy-sun","status":"publish","type":"product","link":"https:\/\/tissuetales.net\/fr\/shop\/onesy-sun\/","title":{"rendered":"Onesy Black Sun"},"content":{"rendered":"<p>&#8222;Made in Burkina&#8220; kannst Du bei diesem Onesy w\u00f6rtlich. Der Faso dan Fani stammt aus Ougadougou, der Waxprint f\u00fcr das Futter hat den Weg in die burkinische Hauptstadt aus Benin gefunden. Die Stickerei ist ein echtes Meisterwerk, das mit einer einfachen Industriemaschine per Hand auf das Bustier aufgebracht wurde.\u00a0 Der Einteiler sitzt bei Gr\u00f6\u00dfe 40 perfekt auf Figur \u2013 di Ma\u00dfe findest Du gleich unten. Der grafische Druck des Futters an Taschen und Oberteil hat mit dezente Glitzereffekte in der Farbe Kupfer. Witziges Detail: Ein kleiner Metallstern ziert den r\u00fcckw\u00e4rtigen Reissverschluss. Die Stoffe habe ich in Ouagadougou gekauft, das Modell habe ich im Atelier Par\u00e9 geschneidert. Lies die Geschichte dazu gerne im <a href=\"https:\/\/tissuetales.net\/fr\/treasure-hunt\/\">Blog<\/a>.<\/p>\n<p>Tr\u00e4ger: 42 cm<br \/>\nOberbrustweite (obere Kante Bustier): 96 cm<br \/>\nBrust: 92 cm<br \/>\nReissverschluss hinten: 45 cm<br \/>\nTaille: 81 cm<br \/>\nBeinl\u00e4nge: 90 cm<br \/>\nH\u00fcftweite: 110 cm<\/p>\n<p>Tipps zum Massnehmen und eine Gr\u00f6\u00dfentabelle findest Du unter <a href=\"https:\/\/tissuetales.net\/fr\/kulturlabel\/#1680034340603-c4b2630b-92ab\">Kult(ur)label<\/a>.<\/p>\n<p><strong>Material<\/strong><br \/>\nOberstoff: 100 % Baumwolle (Waxprint mit Glitzerdruck)<br \/>\nReissverschluss: Kunststoff mit Metallstern als Anh\u00e4nger<\/p>\n<p>Du hast generelle Fragen zur <strong>Bestellung<\/strong>, <strong>Bezahlung<\/strong>, <strong>Verpackung<\/strong>, <strong>Versand<\/strong>, <strong>Lieferung<\/strong>, <strong>Retouren<\/strong> und <strong>Stornierungen<\/strong>? Antworten findest Du unter <a href=\"https:\/\/tissuetales.net\/fr\/fragen-antworten\/\">Service FAQ<\/a>.<\/p>\n<p><strong>Versandkosten<\/strong><br \/>\nDeutschland: 4,90\u20ac<br \/>\nEU: 6,50\u20ac<br \/>\nSchweiz: 9,90\u20ac<br \/>\n\u00d6sterreich: 8,90\u20ac<\/p>\n<p><strong>Pflegehinweise: So hast Du lange etwas von den handgefertigten Einzelteilen<br \/>\n<\/strong><\/p>\n<p>Wir verwenden \u00fcberwiegend in Burkina Faso handgewebte Stoffe, farbechte Baumwolldrucke aus Westafrika, den Niederlanden und Indien sowie Naturgarne wie Baumwolle, Seide, Wolle und Leinen. Durch die Handarbeit erh\u00e4lt jede Stoffbahn einen einzigartigen Charakter. Farben, Druck- und Webqualit\u00e4t k\u00f6nnen leicht abweichen und verleihen dem Material eine besondere Textur. Die Kleidungsst\u00fccke sind empfindlicher als gew\u00f6hnliche Konfektionsware von Fast-Fashion-Anbietern, der oft Kunstfasern beigemischt werden, um sie pflegeleicht und trageangenehm zu machen. Wir empfehlen die handgefertigten und ma\u00dfgeschneiderten Teile von Diallo tissue tales sehr sorgf\u00e4ltig zu behandeln, um ihre Farben zu bewahren und eine Besch\u00e4digung der Stoffe und Strickware zu vermeiden.<\/p>\n<p><strong>Waschen<\/strong><\/p>\n<p>Die Hose kann mit bis zu 30 Grad Feinw\u00e4sche gewaschen werden. Bestickte und handgestrickte Modelle m\u00fcssen vorsichtig und ohne gro\u00dfes Rubbeln mit der Hand oder im Handwaschgang der Waschmaschine gewaschen werden. Strickteile sollten nach dem Waschen liegend auf einem Handtuch in Form gezogen und getrocknet werden. Rei\u00dfverschl\u00fcsse sollten vor dem Waschen geschlossen werden. Damit die sichtbare Seite l\u00e4nger wie neu bleibt, sollten die Kleidungsst\u00fccke vor der W\u00e4sche auf links gezogen werden.Die Kleidungsst\u00fccke und Accessoires weder bleichen noch einweichen oder mit Weichsp\u00fcler behandeln.<\/p>\n<p><strong>B\u00fcgeln<\/strong><\/p>\n<p>Drehe die Accessoires oder Kleidungsst\u00fccke auf links und b\u00fcgele sie bei niedriger Temperatur. Strickteile von links eventuell mit einem feuchten K\u00fcchentuch vorsichtig d\u00e4mpfen, mit dem Eisen nicht zu fest auf das Gestrickte aufdr\u00fccken.<\/p>\n<p>Solltest Du weitere Fragen zur Pflege Deiner Modelle haben, schreibe uns eine kurze Mail unter <a href=\"https:\/\/tissuetales.net\/fr\/kontakt\/\">Kontakt<\/a>.<\/p>\n<p>&nbsp;<\/p>\n<p>&nbsp;<\/p>","protected":false},"excerpt":{"rendered":"<p>Der festliche Onesy in Gr\u00f6\u00dfe 40 l\u00e4sst Dich strahlen: Auf dem Bustier hat Ibrahim nach meinem Entwurf seine Stickkunst in einem tollen Sonnenstern verewigt. Das Motiv passt perfekt zum schillernden Waxprintfutter.<\/p>","protected":false},"featured_media":2907,"template":"","meta":[],"product_brand":[],"product_cat":[15,44],"product_tag":[107,110,24,84,108,27,109],"class_list":{"0":"post-2905","1":"product","2":"type-product","3":"status-publish","4":"has-post-thumbnail","6":"product_cat-alle-produkte","7":"product_cat-hosen-und-roecke","8":"product_tag-apricot","9":"product_tag-einteiler","10":"product_tag-faso-dan-fani","11":"product_tag-kupfer","12":"product_tag-onesy","13":"product_tag-schwarz","14":"product_tag-stickerei","16":"first","17":"instock","18":"sold-individually","19":"shipping-taxable","20":"purchasable","21":"product-type-simple"},"_links":{"self":[{"href":"https:\/\/tissuetales.net\/fr\/wp-json\/wp\/v2\/product\/2905","targetHints":{"allow":["GET"]}}],"collection":[{"href":"https:\/\/tissuetales.net\/fr\/wp-json\/wp\/v2\/product"}],"about":[{"href":"https:\/\/tissuetales.net\/fr\/wp-json\/wp\/v2\/types\/product"}],"wp:featuredmedia":[{"embeddable":true,"href":"https:\/\/tissuetales.net\/fr\/wp-json\/wp\/v2\/media\/2907"}],"wp:attachment":[{"href":"https:\/\/tissuetales.net\/fr\/wp-json\/wp\/v2\/media?parent=2905"}],"wp:term":[{"taxonomy":"product_brand","embeddable":true,"href":"https:\/\/tissuetales.net\/fr\/wp-json\/wp\/v2\/product_brand?post=2905"},{"taxonomy":"product_cat","embeddable":true,"href":"https:\/\/tissuetales.net\/fr\/wp-json\/wp\/v2\/product_cat?post=2905"},{"taxonomy":"product_tag","embeddable":true,"href":"https:\/\/tissuetales.net\/fr\/wp-json\/wp\/v2\/product_tag?post=2905"}],"curies":[{"name":"wp","href":"https:\/\/api.w.org\/{rel}","templated":true}]}}